{"id":10293,"date":"2025-02-18T06:46:12","date_gmt":"2025-02-18T06:46:12","guid":{"rendered":"https:\/\/archipelagotrailrun.com\/program\/"},"modified":"2026-02-25T06:53:26","modified_gmt":"2026-02-25T06:53:26","slug":"program","status":"publish","type":"page","link":"https:\/\/archipelagotrailrun.com\/hr\/program\/","title":{"rendered":"Program"},"content":{"rendered":"\t\t<div data-elementor-type=\"wp-page\" data-elementor-id=\"10293\" class=\"elementor elementor-10293 elementor-10277\" data-elementor-post-type=\"page\">\n\t\t\t\t\t\t<section class=\"elementor-section elementor-top-section elementor-element elementor-element-3b495e1 elementor-section-height-min-height elementor-section-content-middle elementor-section-boxed elementor-section-height-default elementor-section-items-middle\" data-id=\"3b495e1\" data-element_type=\"section\" data-e-type=\"section\" data-settings=\"{&quot;background_background&quot;:&quot;classic&quot;}\">\n\t\t\t\t\t\t\t<div class=\"elementor-background-overlay\"><\/div>\n\t\t\t\t\t\t\t<div class=\"elementor-container elementor-column-gap-default\">\n\t\t\t\t\t<div class=\"elementor-column elementor-col-100 elementor-top-column elementor-element elementor-element-e9e21b1\" data-id=\"e9e21b1\" data-element_type=\"column\" data-e-type=\"column\">\n\t\t\t<div class=\"elementor-widget-wrap elementor-element-populated\">\n\t\t\t\t\t\t<div class=\"elementor-element elementor-element-a86fa2f elementor-invisible elementor-widget elementor-widget-heading\" data-id=\"a86fa2f\" data-element_type=\"widget\" data-e-type=\"widget\" data-settings=\"{&quot;_animation&quot;:&quot;fadeInUp&quot;}\" data-widget_type=\"heading.default\">\n\t\t\t\t<div class=\"elementor-widget-container\">\n\t\t\t\t\t<h2 class=\"elementor-heading-title elementor-size-default\">Program<\/h2>\t\t\t\t<\/div>\n\t\t\t\t<\/div>\n\t\t\t\t\t<\/div>\n\t\t<\/div>\n\t\t\t\t\t<\/div>\n\t\t<\/section>\n\t\t\t\t<section class=\"elementor-section elementor-top-section elementor-element elementor-element-237d454 elementor-section-boxed elementor-section-height-default elementor-section-height-default\" data-id=\"237d454\" data-element_type=\"section\" data-e-type=\"section\">\n\t\t\t\t\t\t<div class=\"elementor-container elementor-column-gap-default\">\n\t\t\t\t\t<div class=\"elementor-column elementor-col-50 elementor-top-column elementor-element elementor-element-3777725\" data-id=\"3777725\" data-element_type=\"column\" data-e-type=\"column\">\n\t\t\t<div class=\"elementor-widget-wrap elementor-element-populated\">\n\t\t\t\t\t\t<div class=\"elementor-element elementor-element-03f263b elementor-widget elementor-widget-heading\" data-id=\"03f263b\" data-element_type=\"widget\" data-e-type=\"widget\" data-widget_type=\"heading.default\">\n\t\t\t\t<div class=\"elementor-widget-container\">\n\t\t\t\t\t<h2 class=\"elementor-heading-title elementor-size-default\">Petak<\/h2>\t\t\t\t<\/div>\n\t\t\t\t<\/div>\n\t\t\t\t<div class=\"elementor-element elementor-element-4b284ed elementor-widget elementor-widget-heading\" data-id=\"4b284ed\" data-element_type=\"widget\" data-e-type=\"widget\" data-widget_type=\"heading.default\">\n\t\t\t\t<div class=\"elementor-widget-container\">\n\t\t\t\t\t<h2 class=\"elementor-heading-title elementor-size-default\">Pa\u0161man<\/h2>\t\t\t\t<\/div>\n\t\t\t\t<\/div>\n\t\t\t\t<div class=\"elementor-element elementor-element-9e00a14 elementor-widget elementor-widget-text-editor\" data-id=\"9e00a14\" data-element_type=\"widget\" data-e-type=\"widget\" data-widget_type=\"text-editor.default\">\n\t\t\t\t<div class=\"elementor-widget-container\">\n\t\t\t\t\t\t\t\t\t<p><strong>10:00<\/strong> \u2013 Petkov trka\u010dki izlet (Ugljan \u2013 Preko)<br \/><strong>16:30 &#8211; 20:00 <\/strong>Preuzimanje startnih brojeva<br \/><strong>17:30 <\/strong>Brooks Shakeout Run<br \/><strong>17:45<\/strong> Sunset vertical race<br \/><strong>18:30<\/strong> Besplatna ve\u010dera &amp; glazba s DJ-em u Pa\u0161manu<br \/><strong>19:45<\/strong> Dodjela nagrada Sunset vertical race<\/p>\t\t\t\t\t\t\t\t<\/div>\n\t\t\t\t<\/div>\n\t\t\t\t\t<\/div>\n\t\t<\/div>\n\t\t\t\t<div class=\"elementor-column elementor-col-50 elementor-top-column elementor-element elementor-element-b410782\" data-id=\"b410782\" data-element_type=\"column\" data-e-type=\"column\">\n\t\t\t<div class=\"elementor-widget-wrap\">\n\t\t\t\t\t\t\t<\/div>\n\t\t<\/div>\n\t\t\t\t\t<\/div>\n\t\t<\/section>\n\t\t\t\t<section class=\"elementor-section elementor-top-section elementor-element elementor-element-c55892a elementor-section-boxed elementor-section-height-default elementor-section-height-default\" data-id=\"c55892a\" data-element_type=\"section\" data-e-type=\"section\">\n\t\t\t\t\t\t<div class=\"elementor-container elementor-column-gap-default\">\n\t\t\t\t\t<div class=\"elementor-column elementor-col-50 elementor-top-column elementor-element elementor-element-1c180b1\" data-id=\"1c180b1\" data-element_type=\"column\" data-e-type=\"column\">\n\t\t\t<div class=\"elementor-widget-wrap elementor-element-populated\">\n\t\t\t\t\t\t<div class=\"elementor-element elementor-element-c4738e3 elementor-widget elementor-widget-heading\" data-id=\"c4738e3\" data-element_type=\"widget\" data-e-type=\"widget\" data-widget_type=\"heading.default\">\n\t\t\t\t<div class=\"elementor-widget-container\">\n\t\t\t\t\t<h2 class=\"elementor-heading-title elementor-size-default\">Subota<\/h2>\t\t\t\t<\/div>\n\t\t\t\t<\/div>\n\t\t\t\t<div class=\"elementor-element elementor-element-2d2bd1e elementor-widget elementor-widget-heading\" data-id=\"2d2bd1e\" data-element_type=\"widget\" data-e-type=\"widget\" data-widget_type=\"heading.default\">\n\t\t\t\t<div class=\"elementor-widget-container\">\n\t\t\t\t\t<h2 class=\"elementor-heading-title elementor-size-default\">Sali - Dugi otok<\/h2>\t\t\t\t<\/div>\n\t\t\t\t<\/div>\n\t\t\t\t<div class=\"elementor-element elementor-element-48568f4 elementor-widget elementor-widget-text-editor\" data-id=\"48568f4\" data-element_type=\"widget\" data-e-type=\"widget\" data-widget_type=\"text-editor.default\">\n\t\t\t\t<div class=\"elementor-widget-container\">\n\t\t\t\t\t\t\t\t\t<p><strong>6:45<\/strong> Polazak katamarana 1 iz Pa\u0161mana za Sali (dolazak u Sali u 7:30)<br \/><strong>8:00 &#8211; 10:00<\/strong>\u00a0Preuzimanje startnih brojeva (Sali)<br \/><span style=\"font-weight: bolder;\">8:30<\/span>\u00a0Start 35 km<br \/><strong>9:00<\/strong> Polazak katamarana 2 iz Pa\u0161mana za Sali (dolazak u Sali u 9:45)<br \/><strong>9:30<\/strong>\u00a0Start 25 km<br \/><strong>10:30<\/strong>\u00a0Start 10 km<br \/><strong>13:15<\/strong> Dodjela nagrada 10 km<br \/><strong>13:45<\/strong>\u00a0Dodjela nagrada 25 km<br \/><span style=\"font-weight: bolder;\">14:15<\/span> Povratak katamarana 1 iz Sali za Pa\u0161man (dolazak u Pa\u0161man u 15:00 sati)<br \/><strong>15:00<\/strong>\u00a0Dodjela nagrada 35 km<br \/><strong>16:30<\/strong> Povratak katamarana 2 iz Sali za Pa\u0161mana (dolazak u Pa\u0161man u 17:15 sati)<br \/><strong>18:30<\/strong> Besplatna ve\u010dera &amp; glazba s DJ-em u Pa\u0161manu<\/p>\t\t\t\t\t\t\t\t<\/div>\n\t\t\t\t<\/div>\n\t\t\t\t\t<\/div>\n\t\t<\/div>\n\t\t\t\t<div class=\"elementor-column elementor-col-50 elementor-top-column elementor-element elementor-element-6dfd201\" data-id=\"6dfd201\" data-element_type=\"column\" data-e-type=\"column\">\n\t\t\t<div class=\"elementor-widget-wrap\">\n\t\t\t\t\t\t\t<\/div>\n\t\t<\/div>\n\t\t\t\t\t<\/div>\n\t\t<\/section>\n\t\t\t\t<section class=\"elementor-section elementor-top-section elementor-element elementor-element-22e43c0 elementor-section-boxed elementor-section-height-default elementor-section-height-default\" data-id=\"22e43c0\" data-element_type=\"section\" data-e-type=\"section\">\n\t\t\t\t\t\t<div class=\"elementor-container elementor-column-gap-default\">\n\t\t\t\t\t<div class=\"elementor-column elementor-col-50 elementor-top-column elementor-element elementor-element-10baf4f\" data-id=\"10baf4f\" data-element_type=\"column\" data-e-type=\"column\">\n\t\t\t<div class=\"elementor-widget-wrap elementor-element-populated\">\n\t\t\t\t\t\t<div class=\"elementor-element elementor-element-10a9484 elementor-widget elementor-widget-heading\" data-id=\"10a9484\" data-element_type=\"widget\" data-e-type=\"widget\" data-widget_type=\"heading.default\">\n\t\t\t\t<div class=\"elementor-widget-container\">\n\t\t\t\t\t<h2 class=\"elementor-heading-title elementor-size-default\">Nedjelja<\/h2>\t\t\t\t<\/div>\n\t\t\t\t<\/div>\n\t\t\t\t<div class=\"elementor-element elementor-element-2967c85 elementor-widget elementor-widget-heading\" data-id=\"2967c85\" data-element_type=\"widget\" data-e-type=\"widget\" data-widget_type=\"heading.default\">\n\t\t\t\t<div class=\"elementor-widget-container\">\n\t\t\t\t\t<h2 class=\"elementor-heading-title elementor-size-default\">Pa\u0161man<\/h2>\t\t\t\t<\/div>\n\t\t\t\t<\/div>\n\t\t\t\t<div class=\"elementor-element elementor-element-3b74f60 elementor-widget elementor-widget-text-editor\" data-id=\"3b74f60\" data-element_type=\"widget\" data-e-type=\"widget\" data-widget_type=\"text-editor.default\">\n\t\t\t\t<div class=\"elementor-widget-container\">\n\t\t\t\t\t\t\t\t\t<p><strong>6:30 &#8211; 10:30<\/strong> Preuzimanje startnih brojeva<br \/><strong>7:00<\/strong> Start 35 km <br \/><strong>9:00<\/strong> Start 20 km <br \/><strong>10:00<\/strong> Start 10 km <br \/><strong>13:15<\/strong> Dodjela nagrada 10 km &amp; Short trail <br \/><strong>13:45<\/strong> Dodjela nagrada 20 km &amp; Middle trail <br \/><strong>15:30<\/strong> Dodjela nagrada 35 km &amp; Long trail<\/p>\t\t\t\t\t\t\t\t<\/div>\n\t\t\t\t<\/div>\n\t\t\t\t\t<\/div>\n\t\t<\/div>\n\t\t\t\t<div class=\"elementor-column elementor-col-50 elementor-top-column elementor-element elementor-element-cc4b63b\" data-id=\"cc4b63b\" data-element_type=\"column\" data-e-type=\"column\">\n\t\t\t<div class=\"elementor-widget-wrap\">\n\t\t\t\t\t\t\t<\/div>\n\t\t<\/div>\n\t\t\t\t\t<\/div>\n\t\t<\/section>\n\t\t\t\t<\/div>\n\t\t","protected":false},"excerpt":{"rendered":"<p>Program Petak Pa\u0161man 10:00 \u2013 Petkov trka\u010dki izlet (Ugljan \u2013 Preko)16:30 &#8211; 20:00 Preuzimanje startnih brojeva17:30 Brooks Shakeout Run17:45 Sunset vertical race18:30 Besplatna ve\u010dera &amp; glazba s DJ-em u Pa\u0161manu19:45 Dodjela nagrada Sunset vertical race Subota Sali &#8211; Dugi otok 6:45 Polazak katamarana 1 iz Pa\u0161mana za Sali (dolazak u Sali u 7:30)8:00 &#8211; 10:00\u00a0Preuzimanje [&hellip;]<\/p>\n","protected":false},"author":1,"featured_media":0,"parent":0,"menu_order":0,"comment_status":"closed","ping_status":"closed","template":"","meta":{"_acf_changed":false,"footnotes":""},"class_list":["post-10293","page","type-page","status-publish","hentry"],"acf":[],"_links":{"self":[{"href":"https:\/\/archipelagotrailrun.com\/hr\/wp-json\/wp\/v2\/pages\/10293","targetHints":{"allow":["GET"]}}],"collection":[{"href":"https:\/\/archipelagotrailrun.com\/hr\/wp-json\/wp\/v2\/pages"}],"about":[{"href":"https:\/\/archipelagotrailrun.com\/hr\/wp-json\/wp\/v2\/types\/page"}],"author":[{"embeddable":true,"href":"https:\/\/archipelagotrailrun.com\/hr\/wp-json\/wp\/v2\/users\/1"}],"replies":[{"embeddable":true,"href":"https:\/\/archipelagotrailrun.com\/hr\/wp-json\/wp\/v2\/comments?post=10293"}],"version-history":[{"count":36,"href":"https:\/\/archipelagotrailrun.com\/hr\/wp-json\/wp\/v2\/pages\/10293\/revisions"}],"predecessor-version":[{"id":12767,"href":"https:\/\/archipelagotrailrun.com\/hr\/wp-json\/wp\/v2\/pages\/10293\/revisions\/12767"}],"wp:attachment":[{"href":"https:\/\/archipelagotrailrun.com\/hr\/wp-json\/wp\/v2\/media?parent=10293"}],"curies":[{"name":"wp","href":"https:\/\/api.w.org\/{rel}","templated":true}]}}