{"id":13076,"date":"2026-04-15T05:10:04","date_gmt":"2026-04-15T05:10:04","guid":{"rendered":"https:\/\/archipelagotrailrun.com\/distance\/iskustvo-trcanja-u-petak\/"},"modified":"2026-04-15T09:55:12","modified_gmt":"2026-04-15T09:55:12","slug":"iskustvo-trcanja-u-petak","status":"publish","type":"page","link":"https:\/\/archipelagotrailrun.com\/hr\/distance\/iskustvo-trcanja-u-petak\/","title":{"rendered":"Iskustvo tr\u010danja u petak"},"content":{"rendered":"\t\t<div data-elementor-type=\"wp-page\" data-elementor-id=\"13076\" class=\"elementor elementor-13076 elementor-13071\" data-elementor-post-type=\"page\">\n\t\t\t\t\t\t<section class=\"elementor-section elementor-top-section elementor-element elementor-element-bbd0327 elementor-section-height-min-height elementor-section-boxed elementor-section-height-default elementor-section-items-middle\" data-id=\"bbd0327\" data-element_type=\"section\" data-e-type=\"section\" data-settings=\"{&quot;background_background&quot;:&quot;classic&quot;}\">\n\t\t\t\t\t\t<div class=\"elementor-container elementor-column-gap-default\">\n\t\t\t\t\t<div class=\"elementor-column elementor-col-100 elementor-top-column elementor-element elementor-element-ab22fa1\" data-id=\"ab22fa1\" data-element_type=\"column\" data-e-type=\"column\">\n\t\t\t<div class=\"elementor-widget-wrap elementor-element-populated\">\n\t\t\t\t\t\t<div class=\"elementor-element elementor-element-1a25a94 elementor-invisible elementor-widget elementor-widget-heading\" data-id=\"1a25a94\" data-element_type=\"widget\" data-e-type=\"widget\" data-settings=\"{&quot;_animation&quot;:&quot;fadeInUp&quot;}\" data-widget_type=\"heading.default\">\n\t\t\t\t<div class=\"elementor-widget-container\">\n\t\t\t\t\t<h2 class=\"elementor-heading-title elementor-size-default\">Petak trka\u010dki izlet<\/h2>\t\t\t\t<\/div>\n\t\t\t\t<\/div>\n\t\t\t\t\t<\/div>\n\t\t<\/div>\n\t\t\t\t\t<\/div>\n\t\t<\/section>\n\t\t\t\t<section class=\"elementor-section elementor-top-section elementor-element elementor-element-f650bf8 elementor-section-height-min-height telefon_s elementor-section-boxed elementor-section-height-default elementor-section-items-middle\" data-id=\"f650bf8\" data-element_type=\"section\" data-e-type=\"section\" data-settings=\"{&quot;background_background&quot;:&quot;classic&quot;}\">\n\t\t\t\t\t\t<div class=\"elementor-container elementor-column-gap-default\">\n\t\t\t\t\t<div class=\"elementor-column elementor-col-100 elementor-top-column elementor-element elementor-element-3bf696b\" data-id=\"3bf696b\" data-element_type=\"column\" data-e-type=\"column\">\n\t\t\t<div class=\"elementor-widget-wrap elementor-element-populated\">\n\t\t\t\t\t\t<div class=\"elementor-element elementor-element-fd4e1d9 elementor-nav-menu__align-center elementor-nav-menu--dropdown-tablet elementor-nav-menu__text-align-aside elementor-nav-menu--toggle elementor-nav-menu--burger elementor-widget elementor-widget-nav-menu\" data-id=\"fd4e1d9\" data-element_type=\"widget\" data-e-type=\"widget\" data-settings=\"{&quot;layout&quot;:&quot;horizontal&quot;,&quot;submenu_icon&quot;:{&quot;value&quot;:&quot;&lt;i class=\\&quot;fas fa-caret-down\\&quot; aria-hidden=\\&quot;true\\&quot;&gt;&lt;\\\/i&gt;&quot;,&quot;library&quot;:&quot;fa-solid&quot;},&quot;toggle&quot;:&quot;burger&quot;}\" data-widget_type=\"nav-menu.default\">\n\t\t\t\t<div class=\"elementor-widget-container\">\n\t\t\t\t\t\t\t\t<nav aria-label=\"Menu\" class=\"elementor-nav-menu--main elementor-nav-menu__container elementor-nav-menu--layout-horizontal e--pointer-underline e--animation-fade\">\n\t\t\t\t<ul id=\"menu-1-fd4e1d9\" class=\"elementor-nav-menu\"><li class=\"menu-item menu-item-type-post_type menu-item-object-page menu-item-7565\"><a href=\"https:\/\/archipelagotrailrun.com\/hr\/distance\/short-10-km\/\" class=\"elementor-item\">Short<\/a><\/li>\n<li class=\"menu-item menu-item-type-post_type menu-item-object-page menu-item-7566\"><a href=\"https:\/\/archipelagotrailrun.com\/hr\/distance\/middle-20-km\/\" class=\"elementor-item\">Middle<\/a><\/li>\n<li class=\"menu-item menu-item-type-post_type menu-item-object-page menu-item-7567\"><a href=\"https:\/\/archipelagotrailrun.com\/hr\/distance\/long-35-km-45-km\/\" class=\"elementor-item\">Long<\/a><\/li>\n<li class=\"menu-item menu-item-type-post_type menu-item-object-page menu-item-9567\"><a href=\"https:\/\/archipelagotrailrun.com\/hr\/distance\/vertikal\/\" class=\"elementor-item\">Vertikal<\/a><\/li>\n<li class=\"menu-item menu-item-type-post_type menu-item-object-page menu-item-13091\"><a href=\"https:\/\/archipelagotrailrun.com\/hr\/distance\/iskustvo-trcanja-u-petak\/\" class=\"elementor-item\">Tr\u010danje u petak<\/a><\/li>\n<\/ul>\t\t\t<\/nav>\n\t\t\t\t\t<div class=\"elementor-menu-toggle\" role=\"button\" tabindex=\"0\" aria-label=\"Menu Toggle\" aria-expanded=\"false\">\n\t\t\t<i aria-hidden=\"true\" role=\"presentation\" class=\"elementor-menu-toggle__icon--open eicon-menu-bar\"><\/i><i aria-hidden=\"true\" role=\"presentation\" class=\"elementor-menu-toggle__icon--close eicon-close\"><\/i>\t\t<\/div>\n\t\t\t\t\t<nav class=\"elementor-nav-menu--dropdown elementor-nav-menu__container\" aria-hidden=\"true\">\n\t\t\t\t<ul id=\"menu-2-fd4e1d9\" class=\"elementor-nav-menu\"><li class=\"menu-item menu-item-type-post_type menu-item-object-page menu-item-7565\"><a href=\"https:\/\/archipelagotrailrun.com\/hr\/distance\/short-10-km\/\" class=\"elementor-item\" tabindex=\"-1\">Short<\/a><\/li>\n<li class=\"menu-item menu-item-type-post_type menu-item-object-page menu-item-7566\"><a href=\"https:\/\/archipelagotrailrun.com\/hr\/distance\/middle-20-km\/\" class=\"elementor-item\" tabindex=\"-1\">Middle<\/a><\/li>\n<li class=\"menu-item menu-item-type-post_type menu-item-object-page menu-item-7567\"><a href=\"https:\/\/archipelagotrailrun.com\/hr\/distance\/long-35-km-45-km\/\" class=\"elementor-item\" tabindex=\"-1\">Long<\/a><\/li>\n<li class=\"menu-item menu-item-type-post_type menu-item-object-page menu-item-9567\"><a href=\"https:\/\/archipelagotrailrun.com\/hr\/distance\/vertikal\/\" class=\"elementor-item\" tabindex=\"-1\">Vertikal<\/a><\/li>\n<li class=\"menu-item menu-item-type-post_type menu-item-object-page menu-item-13091\"><a href=\"https:\/\/archipelagotrailrun.com\/hr\/distance\/iskustvo-trcanja-u-petak\/\" class=\"elementor-item\" tabindex=\"-1\">Tr\u010danje u petak<\/a><\/li>\n<\/ul>\t\t\t<\/nav>\n\t\t\t\t\t\t<\/div>\n\t\t\t\t<\/div>\n\t\t\t\t\t<\/div>\n\t\t<\/div>\n\t\t\t\t\t<\/div>\n\t\t<\/section>\n\t\t\t\t<section class=\"elementor-section elementor-top-section elementor-element elementor-element-88decc1 elementor-section-height-min-height namizje_s elementor-section-items-stretch elementor-section-content-middle elementor-section-boxed elementor-section-height-default\" data-id=\"88decc1\" data-element_type=\"section\" data-e-type=\"section\" data-settings=\"{&quot;background_background&quot;:&quot;classic&quot;}\">\n\t\t\t\t\t\t<div class=\"elementor-container elementor-column-gap-default\">\n\t\t\t\t\t<div class=\"elementor-column elementor-col-100 elementor-top-column elementor-element elementor-element-eda5ec4\" data-id=\"eda5ec4\" data-element_type=\"column\" data-e-type=\"column\">\n\t\t\t<div class=\"elementor-widget-wrap elementor-element-populated\">\n\t\t\t\t\t\t<div class=\"elementor-element elementor-element-487e54b elementor-widget elementor-widget-toggle\" data-id=\"487e54b\" data-element_type=\"widget\" data-e-type=\"widget\" data-widget_type=\"toggle.default\">\n\t\t\t\t<div class=\"elementor-widget-container\">\n\t\t\t\t\t\t\t<div class=\"elementor-toggle\">\n\t\t\t\t\t\t\t<div class=\"elementor-toggle-item\">\n\t\t\t\t\t<div id=\"elementor-tab-title-7601\" class=\"elementor-tab-title\" data-tab=\"1\" role=\"button\" aria-controls=\"elementor-tab-content-7601\" aria-expanded=\"false\">\n\t\t\t\t\t\t\t\t\t\t\t\t<span class=\"elementor-toggle-icon elementor-toggle-icon-right\" aria-hidden=\"true\">\n\t\t\t\t\t\t\t\t\t\t\t\t\t\t\t<span class=\"elementor-toggle-icon-closed\"><i class=\"fas fa-chevron-down\"><\/i><\/span>\n\t\t\t\t\t\t\t\t<span class=\"elementor-toggle-icon-opened\"><i class=\"elementor-toggle-icon-opened fas fa-chevron-up\"><\/i><\/span>\n\t\t\t\t\t\t\t\t\t\t\t\t\t<\/span>\n\t\t\t\t\t\t\t\t\t\t\t\t<a class=\"elementor-toggle-title\" tabindex=\"0\">Trka\u010dki izlet<\/a>\n\t\t\t\t\t<\/div>\n\n\t\t\t\t\t<div id=\"elementor-tab-content-7601\" class=\"elementor-tab-content elementor-clearfix\" data-tab=\"1\" role=\"region\" aria-labelledby=\"elementor-tab-title-7601\"><p><a href=\"https:\/\/archipelagotrailrun.com\/hr\/distance\/middle-20-km\/\">Middle<\/a><\/p>\n<p><a href=\"https:\/\/archipelagotrailrun.com\/hr\/distance\/long-35-km-45-km\/\">Long<\/a><\/p>\n<p><a href=\"https:\/\/archipelagotrailrun.com\/hr\/distance\/vertikal\/\">Vertikal<\/a><\/p>\n<p><a href=\"https:\/\/archipelagotrailrun.com\/hr\/distance\/short-10-km\/\">Short<\/a><\/p>\n<\/div>\n\t\t\t\t<\/div>\n\t\t\t\t\t\t\t\t<\/div>\n\t\t\t\t\t\t<\/div>\n\t\t\t\t<\/div>\n\t\t\t\t\t<\/div>\n\t\t<\/div>\n\t\t\t\t\t<\/div>\n\t\t<\/section>\n\t\t\t\t<section class=\"elementor-section elementor-top-section elementor-element elementor-element-7a73a18 elementor-section-boxed elementor-section-height-default elementor-section-height-default\" data-id=\"7a73a18\" data-element_type=\"section\" data-e-type=\"section\">\n\t\t\t\t\t\t<div class=\"elementor-container elementor-column-gap-default\">\n\t\t\t\t\t<div class=\"elementor-column elementor-col-100 elementor-top-column elementor-element elementor-element-e3caae1\" data-id=\"e3caae1\" data-element_type=\"column\" data-e-type=\"column\">\n\t\t\t<div class=\"elementor-widget-wrap elementor-element-populated\">\n\t\t\t\t\t\t<div class=\"elementor-element elementor-element-067ad73 elementor-widget elementor-widget-text-editor\" data-id=\"067ad73\" data-element_type=\"widget\" data-e-type=\"widget\" data-widget_type=\"text-editor.default\">\n\t\t\t\t<div class=\"elementor-widget-container\">\n\t\t\t\t\t\t\t\t\t<p><strong>Oto\u010dki ritam. Zajedni\u010dki kilometri. Jedan archipelago krug.<\/strong><\/p><p><span style=\"font-weight: 400;\">Opu\u0161teno vo\u0111eno tr\u010danje na otoku Ugljanu (Preko) prije trka\u010dkog vikenda \u2014 u ritmu pogleda na more, laganog kretanja i postupnog ulaska u archipelago vikend.<\/span><\/p>\t\t\t\t\t\t\t\t<\/div>\n\t\t\t\t<\/div>\n\t\t\t\t<div class=\"elementor-element elementor-element-0724245 elementor-align-justify elementor-widget elementor-widget-button\" data-id=\"0724245\" data-element_type=\"widget\" data-e-type=\"widget\" data-widget_type=\"button.default\">\n\t\t\t\t<div class=\"elementor-widget-container\">\n\t\t\t\t\t\t\t\t\t<div class=\"elementor-button-wrapper\">\n\t\t\t\t\t<a class=\"elementor-button elementor-button-link elementor-size-sm\" href=\"https:\/\/archipelagotrailrun.com\/hr\/prijava-archipelago-trail-run\/\">\n\t\t\t\t\t\t<span class=\"elementor-button-content-wrapper\">\n\t\t\t\t\t\t\t\t\t<span class=\"elementor-button-text\">PETAK TRKA\u010cKI IZLET: dostupno kao dodatna opcija prilikom prijave<\/span>\n\t\t\t\t\t<\/span>\n\t\t\t\t\t<\/a>\n\t\t\t\t<\/div>\n\t\t\t\t\t\t\t\t<\/div>\n\t\t\t\t<\/div>\n\t\t\t\t\t<\/div>\n\t\t<\/div>\n\t\t\t\t\t<\/div>\n\t\t<\/section>\n\t\t\t\t<section class=\"elementor-section elementor-top-section elementor-element elementor-element-edaed1f elementor-section-boxed elementor-section-height-default elementor-section-height-default\" data-id=\"edaed1f\" data-element_type=\"section\" data-e-type=\"section\">\n\t\t\t\t\t\t<div class=\"elementor-container elementor-column-gap-default\">\n\t\t\t\t\t<div class=\"elementor-column elementor-col-100 elementor-top-column elementor-element elementor-element-37bf07b\" data-id=\"37bf07b\" data-element_type=\"column\" data-e-type=\"column\">\n\t\t\t<div class=\"elementor-widget-wrap elementor-element-populated\">\n\t\t\t\t\t\t<div class=\"elementor-element elementor-element-fd33199 elementor-widget elementor-widget-heading\" data-id=\"fd33199\" data-element_type=\"widget\" data-e-type=\"widget\" data-widget_type=\"heading.default\">\n\t\t\t\t<div class=\"elementor-widget-container\">\n\t\t\t\t\t<h2 class=\"elementor-heading-title elementor-size-default\">OTOK UGLJAN I PREKO I 12 KM I PETAK, 2. 10. 2026<\/h2>\t\t\t\t<\/div>\n\t\t\t\t<\/div>\n\t\t\t\t<div class=\"elementor-element elementor-element-b045963 elementor-widget elementor-widget-text-editor\" data-id=\"b045963\" data-element_type=\"widget\" data-e-type=\"widget\" data-widget_type=\"text-editor.default\">\n\t\t\t\t<div class=\"elementor-widget-container\">\n\t\t\t\t\t\t\t\t\t<p><span style=\"font-weight: 400;\"><strong>Start:<\/strong> 10:00<\/span><span style=\"font-weight: 400;\"><br \/><\/span><span style=\"font-weight: 400;\"><strong>Du\u017eina:<\/strong> 12 km<\/span><span style=\"font-weight: 400;\"><br \/><\/span><span style=\"font-weight: 400;\"><strong>Ukupni uspon:<\/strong> ~400 m<\/span><span style=\"font-weight: 400;\"><br \/><\/span><span style=\"font-weight: 400;\"><strong>Vremenski limit:<\/strong> opu\u0161teni grupni tempo \u2013 kre\u0107emo se zajedno<\/span><span style=\"font-weight: 400;\"><br \/><\/span><span style=\"font-weight: 400;\"><strong>Trajanje:<\/strong> cca 2,5 h<\/span><span style=\"font-weight: 400;\"><br \/><\/span><span style=\"font-weight: 400;\"><strong>Cilj:<\/strong> Preko<\/span><span style=\"font-weight: 400;\"><br \/><\/span><span style=\"font-weight: 400;\"><strong>Uklju\u010deno:<\/strong> snack i pi\u0107e na cilju<\/span><span style=\"font-weight: 400;\"><br \/><\/span><span style=\"font-weight: 400;\"><strong>Cijena:<\/strong> 15 EUR (dostupno kao dodatna opcija prilikom prijav<\/span><\/p>\t\t\t\t\t\t\t\t<\/div>\n\t\t\t\t<\/div>\n\t\t\t\t<div class=\"elementor-element elementor-element-c37be61 elementor-align-justify elementor-widget elementor-widget-button\" data-id=\"c37be61\" data-element_type=\"widget\" data-e-type=\"widget\" data-widget_type=\"button.default\">\n\t\t\t\t<div class=\"elementor-widget-container\">\n\t\t\t\t\t\t\t\t\t<div class=\"elementor-button-wrapper\">\n\t\t\t\t\t<a class=\"elementor-button elementor-button-link elementor-size-sm\" href=\"https:\/\/archipelagotrailrun.com\/wp-content\/uploads\/2026\/04\/Friday_run.zip\">\n\t\t\t\t\t\t<span class=\"elementor-button-content-wrapper\">\n\t\t\t\t\t\t\t\t\t<span class=\"elementor-button-text\">Download GPX<\/span>\n\t\t\t\t\t<\/span>\n\t\t\t\t\t<\/a>\n\t\t\t\t<\/div>\n\t\t\t\t\t\t\t\t<\/div>\n\t\t\t\t<\/div>\n\t\t\t\t<div class=\"elementor-element elementor-element-643c085 elementor-widget elementor-widget-html\" data-id=\"643c085\" data-element_type=\"widget\" data-e-type=\"widget\" data-widget_type=\"html.default\">\n\t\t\t\t<div class=\"elementor-widget-container\">\n\t\t\t\t\t<iframe src=\"https:\/\/ridewithgps.com\/embeds?type=route&amp;id=45416955&amp;metricUnits=true&amp;sampleGraph=true\" style=\"width: 1px; min-width: 100%; height: 700px; border: none;\" scrolling=\"no\"><\/iframe>\t\t\t\t<\/div>\n\t\t\t\t<\/div>\n\t\t\t\t<div class=\"elementor-element elementor-element-e096a11 elementor-widget elementor-widget-text-editor\" data-id=\"e096a11\" data-element_type=\"widget\" data-e-type=\"widget\" data-widget_type=\"text-editor.default\">\n\t\t\t\t<div class=\"elementor-widget-container\">\n\t\t\t\t\t\t\t\t\t<p><span style=\"font-weight: 400;\">Tr\u010danje zapo\u010dinje u obalnom mjestu Preko, gdje je more stalno u blizini, a oto\u010dka energija postavlja ritam dana. Od prvih koraka slijedi uspon prema tvr\u0111avi sv. Mihovila \u2014 najvi\u0161oj i najprepoznatljivijoj vidikovcu na otoku. S vrha se otvara \u0161irok horizont: zadarski arhipelag, kopno i daleke siluete Kornata.<\/span><\/p><p><span style=\"font-weight: 400;\">S vrha se kretanje nastavlja kroz unutra\u0161njost otoka. Valovite staze vode kroz maslinike, suhozide i miran mediteranski krajolik. Ritam ostaje lagan, s pauzama za poglede, fotografije i zajedni\u010dke trenutke uz put.<\/span><\/p><p><span style=\"font-weight: 400;\">Prije zatvaranja kruga dolazi jo\u0161 jedan blagi uspon iznad Preka \u2014 vidikovac na kojem se mjesto, more i okolni otoci spajaju u jednu panoramu. Zatim povratak u Preko, zatvaranje punog oto\u010dkog kruga.<\/span><\/p>\t\t\t\t\t\t\t\t<\/div>\n\t\t\t\t<\/div>\n\t\t\t\t<div class=\"elementor-element elementor-element-44413ef elementor-widget elementor-widget-heading\" data-id=\"44413ef\" data-element_type=\"widget\" data-e-type=\"widget\" data-widget_type=\"heading.default\">\n\t\t\t\t<div class=\"elementor-widget-container\">\n\t\t\t\t\t<h2 class=\"elementor-heading-title elementor-size-default\">\u0160TO TE O\u010cEKUJE<\/h2>\t\t\t\t<\/div>\n\t\t\t\t<\/div>\n\t\t\t\t<div class=\"elementor-element elementor-element-f0fa47b elementor-widget elementor-widget-text-editor\" data-id=\"f0fa47b\" data-element_type=\"widget\" data-e-type=\"widget\" data-widget_type=\"text-editor.default\">\n\t\t\t\t<div class=\"elementor-widget-container\">\n\t\t\t\t\t\t\t\t\t<ul><li style=\"font-weight: 400;\" aria-level=\"1\"><span style=\"font-weight: 400;\">vidikovac iznad Jadrana<\/span><\/li><li style=\"font-weight: 400;\" aria-level=\"1\"><span style=\"font-weight: 400;\">opu\u0161ten grupni tempo s pauzama<\/span><\/li><li style=\"font-weight: 400;\" aria-level=\"1\"><span style=\"font-weight: 400;\">maslinici i mediteranske staze<\/span><\/li><li style=\"font-weight: 400;\" aria-level=\"1\"><span style=\"font-weight: 400;\">panoramski pogledi na more kroz cijelu rutu<\/span><\/li><li style=\"font-weight: 400;\" aria-level=\"1\"><span style=\"font-weight: 400;\">dru\u0161tvena atmosfera \u2014 tr\u010danje, razgovor, u\u017eivanje<\/span><\/li><\/ul>\t\t\t\t\t\t\t\t<\/div>\n\t\t\t\t<\/div>\n\t\t\t\t<div class=\"elementor-element elementor-element-1406054 elementor-align-justify elementor-widget elementor-widget-button\" data-id=\"1406054\" data-element_type=\"widget\" data-e-type=\"widget\" data-widget_type=\"button.default\">\n\t\t\t\t<div class=\"elementor-widget-container\">\n\t\t\t\t\t\t\t\t\t<div class=\"elementor-button-wrapper\">\n\t\t\t\t\t<a class=\"elementor-button elementor-button-link elementor-size-sm\" href=\"https:\/\/in.njuko.com\/archipelago-trail-run-20261767179190463?currentPage=select-competition\" target=\"_blank\" rel=\"noopener\">\n\t\t\t\t\t\t<span class=\"elementor-button-content-wrapper\">\n\t\t\t\t\t\t\t\t\t<span class=\"elementor-button-text\">Registrirajte se ovdje<\/span>\n\t\t\t\t\t<\/span>\n\t\t\t\t\t<\/a>\n\t\t\t\t<\/div>\n\t\t\t\t\t\t\t\t<\/div>\n\t\t\t\t<\/div>\n\t\t\t\t\t<\/div>\n\t\t<\/div>\n\t\t\t\t\t<\/div>\n\t\t<\/section>\n\t\t<div class=\"elementor-element elementor-element-61355a3 e-flex e-con-boxed e-con e-parent\" data-id=\"61355a3\" data-element_type=\"container\" data-e-type=\"container\">\n\t\t\t\t\t<div class=\"e-con-inner\">\n\t\t\t\t<div class=\"elementor-element elementor-element-c3fe87b elementor-arrows-position-inside elementor-pagination-position-outside elementor-widget elementor-widget-image-carousel\" data-id=\"c3fe87b\" data-element_type=\"widget\" data-e-type=\"widget\" data-settings=\"{&quot;slides_to_show&quot;:&quot;3&quot;,&quot;slides_to_scroll&quot;:&quot;1&quot;,&quot;image_spacing_custom&quot;:{&quot;unit&quot;:&quot;px&quot;,&quot;size&quot;:16,&quot;sizes&quot;:[]},&quot;navigation&quot;:&quot;both&quot;,&quot;autoplay&quot;:&quot;yes&quot;,&quot;pause_on_hover&quot;:&quot;yes&quot;,&quot;pause_on_interaction&quot;:&quot;yes&quot;,&quot;autoplay_speed&quot;:5000,&quot;infinite&quot;:&quot;yes&quot;,&quot;speed&quot;:500,&quot;image_spacing_custom_tablet&quot;:{&quot;unit&quot;:&quot;px&quot;,&quot;size&quot;:&quot;&quot;,&quot;sizes&quot;:[]},&quot;image_spacing_custom_mobile&quot;:{&quot;unit&quot;:&quot;px&quot;,&quot;size&quot;:&quot;&quot;,&quot;sizes&quot;:[]}}\" data-widget_type=\"image-carousel.default\">\n\t\t\t\t<div class=\"elementor-widget-container\">\n\t\t\t\t\t\t\t<div class=\"elementor-image-carousel-wrapper swiper\" role=\"region\" aria-roledescription=\"carousel\" aria-label=\"Image Carousel\" dir=\"ltr\">\n\t\t\t<div class=\"elementor-image-carousel swiper-wrapper swiper-image-stretch\" aria-live=\"off\">\n\t\t\t\t\t\t\t\t<div class=\"swiper-slide\" role=\"group\" aria-roledescription=\"slide\" aria-label=\"1 od 13\"><figure class=\"swiper-slide-inner\"><img decoding=\"async\" class=\"swiper-slide-image\" src=\"https:\/\/archipelagotrailrun.com\/wp-content\/uploads\/2026\/02\/DSC_6316-2048x1365.jpg\" alt=\"DSC_6316\" \/><\/figure><\/div><div class=\"swiper-slide\" role=\"group\" aria-roledescription=\"slide\" aria-label=\"2 od 13\"><figure class=\"swiper-slide-inner\"><img decoding=\"async\" class=\"swiper-slide-image\" src=\"https:\/\/archipelagotrailrun.com\/wp-content\/uploads\/2026\/02\/DSC_6093-2048x1138.jpg\" alt=\"DSC_6093\" \/><\/figure><\/div><div class=\"swiper-slide\" role=\"group\" aria-roledescription=\"slide\" aria-label=\"3 od 13\"><figure class=\"swiper-slide-inner\"><img decoding=\"async\" class=\"swiper-slide-image\" src=\"https:\/\/archipelagotrailrun.com\/wp-content\/uploads\/2026\/02\/DSC_5888-1365x2048.jpg\" alt=\"DSC_5888\" \/><\/figure><\/div><div class=\"swiper-slide\" role=\"group\" aria-roledescription=\"slide\" aria-label=\"4 od 13\"><figure class=\"swiper-slide-inner\"><img decoding=\"async\" class=\"swiper-slide-image\" src=\"https:\/\/archipelagotrailrun.com\/wp-content\/uploads\/2026\/02\/DSC_6021-2048x1365.jpg\" alt=\"DSC_6021\" \/><\/figure><\/div><div class=\"swiper-slide\" role=\"group\" aria-roledescription=\"slide\" aria-label=\"5 od 13\"><figure class=\"swiper-slide-inner\"><img decoding=\"async\" class=\"swiper-slide-image\" src=\"https:\/\/archipelagotrailrun.com\/wp-content\/uploads\/2026\/02\/DSC_6052-2048x1365.jpg\" alt=\"DSC_6052\" \/><\/figure><\/div><div class=\"swiper-slide\" role=\"group\" aria-roledescription=\"slide\" aria-label=\"6 od 13\"><figure class=\"swiper-slide-inner\"><img decoding=\"async\" class=\"swiper-slide-image\" src=\"https:\/\/archipelagotrailrun.com\/wp-content\/uploads\/2026\/02\/ATR-sobota-175-2048x1365.jpg\" alt=\"ATR-sobota (175)\" \/><\/figure><\/div><div class=\"swiper-slide\" role=\"group\" aria-roledescription=\"slide\" aria-label=\"7 od 13\"><figure class=\"swiper-slide-inner\"><img decoding=\"async\" class=\"swiper-slide-image\" src=\"https:\/\/archipelagotrailrun.com\/wp-content\/uploads\/2026\/02\/ATR-sobota-152-1731x2048.jpg\" alt=\"ATR-sobota (152)\" \/><\/figure><\/div><div class=\"swiper-slide\" role=\"group\" aria-roledescription=\"slide\" aria-label=\"8 od 13\"><figure class=\"swiper-slide-inner\"><img decoding=\"async\" class=\"swiper-slide-image\" src=\"https:\/\/archipelagotrailrun.com\/wp-content\/uploads\/2026\/02\/ATR-sobota-205-1365x2048.jpg\" alt=\"ATR-sobota (205)\" \/><\/figure><\/div><div class=\"swiper-slide\" role=\"group\" aria-roledescription=\"slide\" aria-label=\"9 od 13\"><figure class=\"swiper-slide-inner\"><img decoding=\"async\" class=\"swiper-slide-image\" src=\"https:\/\/archipelagotrailrun.com\/wp-content\/uploads\/2026\/02\/ATR-sobota-80-1732x2048.jpg\" alt=\"ATR-sobota (80)\" \/><\/figure><\/div><div class=\"swiper-slide\" role=\"group\" aria-roledescription=\"slide\" aria-label=\"10 od 13\"><figure class=\"swiper-slide-inner\"><img decoding=\"async\" class=\"swiper-slide-image\" src=\"https:\/\/archipelagotrailrun.com\/wp-content\/uploads\/2026\/02\/ATR-sobota-105-2039x2048.jpg\" alt=\"ATR-sobota (105)\" \/><\/figure><\/div><div class=\"swiper-slide\" role=\"group\" aria-roledescription=\"slide\" aria-label=\"11 od 13\"><figure class=\"swiper-slide-inner\"><img decoding=\"async\" class=\"swiper-slide-image\" src=\"https:\/\/archipelagotrailrun.com\/wp-content\/uploads\/2026\/02\/ATR-sobota-123-1628x2048.jpg\" alt=\"ATR-sobota (123)\" \/><\/figure><\/div><div class=\"swiper-slide\" role=\"group\" aria-roledescription=\"slide\" aria-label=\"12 od 13\"><figure class=\"swiper-slide-inner\"><img decoding=\"async\" class=\"swiper-slide-image\" src=\"https:\/\/archipelagotrailrun.com\/wp-content\/uploads\/2026\/02\/ATR-sobota-128-1365x2048.jpg\" alt=\"ATR-sobota (128)\" \/><\/figure><\/div><div class=\"swiper-slide\" role=\"group\" aria-roledescription=\"slide\" aria-label=\"13 od 13\"><figure class=\"swiper-slide-inner\"><img decoding=\"async\" class=\"swiper-slide-image\" src=\"https:\/\/archipelagotrailrun.com\/wp-content\/uploads\/2026\/02\/ATR-sobota-68-1667x2048.jpg\" alt=\"ATR-sobota (68)\" \/><\/figure><\/div>\t\t\t<\/div>\n\t\t\t\t\t\t\t\t\t\t\t\t<div class=\"elementor-swiper-button elementor-swiper-button-prev\" role=\"button\" tabindex=\"0\">\n\t\t\t\t\t\t<i aria-hidden=\"true\" class=\"eicon-chevron-left\"><\/i>\t\t\t\t\t<\/div>\n\t\t\t\t\t<div class=\"elementor-swiper-button elementor-swiper-button-next\" role=\"button\" tabindex=\"0\">\n\t\t\t\t\t\t<i aria-hidden=\"true\" class=\"eicon-chevron-right\"><\/i>\t\t\t\t\t<\/div>\n\t\t\t\t\n\t\t\t\t\t\t\t\t\t<div class=\"swiper-pagination\"><\/div>\n\t\t\t\t\t\t\t\t\t<\/div>\n\t\t\t\t\t\t<\/div>\n\t\t\t\t<\/div>\n\t\t\t\t\t<\/div>\n\t\t\t\t<\/div>\n\t\t\t\t<\/div>\n\t\t","protected":false},"excerpt":{"rendered":"<p>Petak trka\u010dki izlet Trka\u010dki izlet Middle Long Vertikal Short Oto\u010dki ritam. Zajedni\u010dki kilometri. Jedan archipelago krug. Opu\u0161teno vo\u0111eno tr\u010danje na otoku Ugljanu (Preko) prije trka\u010dkog vikenda \u2014 u ritmu pogleda na more, laganog kretanja i postupnog ulaska u archipelago vikend. PETAK TRKA\u010cKI IZLET: dostupno kao dodatna opcija prilikom prijave OTOK UGLJAN I PREKO I 12 [&hellip;]<\/p>\n","protected":false},"author":1,"featured_media":0,"parent":7534,"menu_order":0,"comment_status":"closed","ping_status":"closed","template":"","meta":{"_acf_changed":false,"footnotes":""},"class_list":["post-13076","page","type-page","status-publish","hentry"],"acf":[],"_links":{"self":[{"href":"https:\/\/archipelagotrailrun.com\/hr\/wp-json\/wp\/v2\/pages\/13076","targetHints":{"allow":["GET"]}}],"collection":[{"href":"https:\/\/archipelagotrailrun.com\/hr\/wp-json\/wp\/v2\/pages"}],"about":[{"href":"https:\/\/archipelagotrailrun.com\/hr\/wp-json\/wp\/v2\/types\/page"}],"author":[{"embeddable":true,"href":"https:\/\/archipelagotrailrun.com\/hr\/wp-json\/wp\/v2\/users\/1"}],"replies":[{"embeddable":true,"href":"https:\/\/archipelagotrailrun.com\/hr\/wp-json\/wp\/v2\/comments?post=13076"}],"version-history":[{"count":16,"href":"https:\/\/archipelagotrailrun.com\/hr\/wp-json\/wp\/v2\/pages\/13076\/revisions"}],"predecessor-version":[{"id":13410,"href":"https:\/\/archipelagotrailrun.com\/hr\/wp-json\/wp\/v2\/pages\/13076\/revisions\/13410"}],"up":[{"embeddable":true,"href":"https:\/\/archipelagotrailrun.com\/hr\/wp-json\/wp\/v2\/pages\/7534"}],"wp:attachment":[{"href":"https:\/\/archipelagotrailrun.com\/hr\/wp-json\/wp\/v2\/media?parent=13076"}],"curies":[{"name":"wp","href":"https:\/\/api.w.org\/{rel}","templated":true}]}}