{"id":7522,"date":"2024-03-17T14:29:38","date_gmt":"2024-03-17T14:29:38","guid":{"rendered":"https:\/\/archipelagotrailrun.com\/prostovoljci\/"},"modified":"2026-02-25T06:52:16","modified_gmt":"2026-02-25T06:52:16","slug":"volunter","status":"publish","type":"page","link":"https:\/\/archipelagotrailrun.com\/hr\/volunter\/","title":{"rendered":"Volonteri"},"content":{"rendered":"\t\t<div data-elementor-type=\"wp-page\" data-elementor-id=\"7522\" class=\"elementor elementor-7522 elementor-557\" data-elementor-post-type=\"page\">\n\t\t\t\t\t\t<section class=\"elementor-section elementor-top-section elementor-element elementor-element-a600a4f elementor-section-height-min-height elementor-section-boxed elementor-section-height-default elementor-section-items-middle\" data-id=\"a600a4f\" data-element_type=\"section\" data-e-type=\"section\" data-settings=\"{&quot;background_background&quot;:&quot;classic&quot;}\">\n\t\t\t\t\t\t<div class=\"elementor-container elementor-column-gap-default\">\n\t\t\t\t\t<div class=\"elementor-column elementor-col-100 elementor-top-column elementor-element elementor-element-71f9d28\" data-id=\"71f9d28\" data-element_type=\"column\" data-e-type=\"column\">\n\t\t\t<div class=\"elementor-widget-wrap elementor-element-populated\">\n\t\t\t\t\t\t<div class=\"elementor-element elementor-element-57fd670 elementor-invisible elementor-widget elementor-widget-heading\" data-id=\"57fd670\" data-element_type=\"widget\" data-e-type=\"widget\" data-settings=\"{&quot;_animation&quot;:&quot;fadeInUp&quot;}\" data-widget_type=\"heading.default\">\n\t\t\t\t<div class=\"elementor-widget-container\">\n\t\t\t\t\t<h2 class=\"elementor-heading-title elementor-size-default\">Volonteri<\/h2>\t\t\t\t<\/div>\n\t\t\t\t<\/div>\n\t\t\t\t\t<\/div>\n\t\t<\/div>\n\t\t\t\t\t<\/div>\n\t\t<\/section>\n\t\t\t\t<section class=\"elementor-section elementor-top-section elementor-element elementor-element-f43fae0 elementor-section-boxed elementor-section-height-default elementor-section-height-default\" data-id=\"f43fae0\" data-element_type=\"section\" data-e-type=\"section\">\n\t\t\t\t\t\t<div class=\"elementor-container elementor-column-gap-default\">\n\t\t\t\t\t<div class=\"elementor-column elementor-col-100 elementor-top-column elementor-element elementor-element-785837e\" data-id=\"785837e\" data-element_type=\"column\" data-e-type=\"column\">\n\t\t\t<div class=\"elementor-widget-wrap elementor-element-populated\">\n\t\t\t\t\t\t<div class=\"elementor-element elementor-element-27b958b elementor-widget elementor-widget-heading\" data-id=\"27b958b\" data-element_type=\"widget\" data-e-type=\"widget\" data-widget_type=\"heading.default\">\n\t\t\t\t<div class=\"elementor-widget-container\">\n\t\t\t\t\t<h2 class=\"elementor-heading-title elementor-size-default\">Informacije<\/h2>\t\t\t\t<\/div>\n\t\t\t\t<\/div>\n\t\t\t\t<div class=\"elementor-element elementor-element-0ba738d elementor-widget elementor-widget-text-editor\" data-id=\"0ba738d\" data-element_type=\"widget\" data-e-type=\"widget\" data-widget_type=\"text-editor.default\">\n\t\t\t\t<div class=\"elementor-widget-container\">\n\t\t\t\t\t\t\t\t\t<p><span style=\"font-weight: 400;\">Provedba sportskog doga\u0111aja kao \u0161to je Achipelago Trail Run zahtijeva i brigu o sigurnosti sudionika i pomo\u0107 u izvo\u0111enju samog doga\u0111aja. Kako bi doga\u0111aj pro\u0161ao u skladu s o\u010dekivanjima, pozivamo Vas da nam se pridru\u017eite kao volonter i unesete svoj djeli\u0107 u mozaik doga\u0111anja.<\/span><\/p>\n<p><span style=\"font-weight: 400;\">Ukoliko ste nam spremni pomo\u0107i u organizaciji doga\u0111aja, pozivamo Vas da se prijavite putem prilo\u017eene kontakt forme ili putem e-maila na info@archipelagotrailrun.com.<\/span><\/p>\n<p><span style=\"font-weight: 400;\">Svi koji \u0107e kao volonteri doprinijeti doga\u0111aju dobit \u0107e (uz nezaboravan vikend):<\/span><\/p>\n<p><span style=\"font-weight: 400;\">&#8211; besplatan obrok i pi\u0107e<\/span><\/p>\n<p><span style=\"font-weight: 400;\">&#8211; majicu za tr\u010danje<\/span><\/p>\n<p><span style=\"font-weight: 400;\">&#8211; potvrdu o obavljenom volonterskom radu (po potrebi)<\/span><\/p>\n<p><span style=\"font-weight: 400;\">&#8211; i prije svega puno dobre energije.<\/span><\/p>\n<p><span style=\"font-weight: 400;\">Stoga ste pozvani da pomognete u realizacijo ovog jedinstvenog doga\u0111aja i postanete va\u017ean dio nezaboravne energije koju doga\u0111aj nudi posjetiteljima!<\/span><\/p>\t\t\t\t\t\t\t\t<\/div>\n\t\t\t\t<\/div>\n\t\t\t\t\t<\/div>\n\t\t<\/div>\n\t\t\t\t\t<\/div>\n\t\t<\/section>\n\t\t\t\t<section class=\"elementor-section elementor-top-section elementor-element elementor-element-14befb0 elementor-section-boxed elementor-section-height-default elementor-section-height-default\" data-id=\"14befb0\" data-element_type=\"section\" data-e-type=\"section\">\n\t\t\t\t\t\t<div class=\"elementor-container elementor-column-gap-default\">\n\t\t\t\t\t<div class=\"elementor-column elementor-col-100 elementor-top-column elementor-element elementor-element-7902679\" data-id=\"7902679\" data-element_type=\"column\" data-e-type=\"column\">\n\t\t\t<div class=\"elementor-widget-wrap elementor-element-populated\">\n\t\t\t\t\t\t<div class=\"elementor-element elementor-element-079c3ed elementor-widget elementor-widget-heading\" data-id=\"079c3ed\" data-element_type=\"widget\" data-e-type=\"widget\" data-widget_type=\"heading.default\">\n\t\t\t\t<div class=\"elementor-widget-container\">\n\t\t\t\t\t<h2 class=\"elementor-heading-title elementor-size-default\">Prijavni obrazec<\/h2>\t\t\t\t<\/div>\n\t\t\t\t<\/div>\n\t\t\t\t<div class=\"elementor-element elementor-element-ec94f1a elementor-button-align-stretch elementor-widget elementor-widget-form\" data-id=\"ec94f1a\" data-element_type=\"widget\" data-e-type=\"widget\" data-settings=\"{&quot;step_next_label&quot;:&quot;Next&quot;,&quot;step_previous_label&quot;:&quot;Previous&quot;,&quot;button_width&quot;:&quot;100&quot;,&quot;step_type&quot;:&quot;number_text&quot;,&quot;step_icon_shape&quot;:&quot;circle&quot;}\" data-widget_type=\"form.default\">\n\t\t\t\t<div class=\"elementor-widget-container\">\n\t\t\t\t\t\t\t<form class=\"elementor-form\" method=\"post\" name=\"Prostovoljci\" aria-label=\"Prostovoljci\">\n\t\t\t<input type=\"hidden\" name=\"post_id\" value=\"7522\"\/>\n\t\t\t<input type=\"hidden\" name=\"form_id\" value=\"ec94f1a\"\/>\n\t\t\t<input type=\"hidden\" name=\"referer_title\" value=\"\" \/>\n\n\t\t\t\n\t\t\t<div class=\"elementor-form-fields-wrapper elementor-labels-above\">\n\t\t\t\t\t\t\t\t<div class=\"elementor-field-type-text elementor-field-group elementor-column elementor-field-group-name elementor-col-100\">\n\t\t\t\t\t\t\t\t\t\t\t\t\t<input size=\"1\" type=\"text\" name=\"form_fields[name]\" id=\"form-field-name\" class=\"elementor-field elementor-size-sm  elementor-field-textual\" placeholder=\"Ime i Prezime\">\n\t\t\t\t\t\t\t\t\t\t\t<\/div>\n\t\t\t\t\t\t\t\t<div class=\"elementor-field-type-email elementor-field-group elementor-column elementor-field-group-email elementor-col-100 elementor-field-required\">\n\t\t\t\t\t\t\t\t\t\t\t\t\t<input size=\"1\" type=\"email\" name=\"form_fields[email]\" id=\"form-field-email\" class=\"elementor-field elementor-size-sm  elementor-field-textual\" placeholder=\"Email\" required=\"required\">\n\t\t\t\t\t\t\t\t\t\t\t<\/div>\n\t\t\t\t\t\t\t\t<div class=\"elementor-field-type-text elementor-field-group elementor-column elementor-field-group-message elementor-col-100\">\n\t\t\t\t\t\t\t\t\t\t\t\t\t<input size=\"1\" type=\"text\" name=\"form_fields[message]\" id=\"form-field-message\" class=\"elementor-field elementor-size-sm  elementor-field-textual\" placeholder=\"Telefon\">\n\t\t\t\t\t\t\t\t\t\t\t<\/div>\n\t\t\t\t\t\t\t\t<div class=\"elementor-field-type-radio elementor-field-group elementor-column elementor-field-group-field_3ba413f elementor-col-25 elementor-field-required\">\n\t\t\t\t\t\t\t\t\t\t\t\t<label for=\"form-field-field_3ba413f\" class=\"elementor-field-label\">\n\t\t\t\t\t\t\t\tMajica\t\t\t\t\t\t\t<\/label>\n\t\t\t\t\t\t<div class=\"elementor-field-subgroup  elementor-subgroup-inline\"><span class=\"elementor-field-option\"><input type=\"radio\" value=\"S\" id=\"form-field-field_3ba413f-0\" name=\"form_fields[field_3ba413f]\" required=\"required\"> <label for=\"form-field-field_3ba413f-0\">S<\/label><\/span><span class=\"elementor-field-option\"><input type=\"radio\" value=\"M\" id=\"form-field-field_3ba413f-1\" name=\"form_fields[field_3ba413f]\" required=\"required\"> <label for=\"form-field-field_3ba413f-1\">M<\/label><\/span><span class=\"elementor-field-option\"><input type=\"radio\" value=\"L\" id=\"form-field-field_3ba413f-2\" name=\"form_fields[field_3ba413f]\" required=\"required\"> <label for=\"form-field-field_3ba413f-2\">L<\/label><\/span><span class=\"elementor-field-option\"><input type=\"radio\" value=\"XL\" id=\"form-field-field_3ba413f-3\" name=\"form_fields[field_3ba413f]\" required=\"required\"> <label for=\"form-field-field_3ba413f-3\">XL<\/label><\/span><\/div>\t\t\t\t<\/div>\n\t\t\t\t\t\t\t\t<div class=\"elementor-field-type-radio elementor-field-group elementor-column elementor-field-group-field_0748dc9 elementor-col-25 elementor-field-required\">\n\t\t\t\t\t\t\t\t\t\t\t\t<label for=\"form-field-field_0748dc9\" class=\"elementor-field-label\">\n\t\t\t\t\t\t\t\tObrok\t\t\t\t\t\t\t<\/label>\n\t\t\t\t\t\t<div class=\"elementor-field-subgroup  elementor-subgroup-inline\"><span class=\"elementor-field-option\"><input type=\"radio\" value=\"Da\" id=\"form-field-field_0748dc9-0\" name=\"form_fields[field_0748dc9]\" required=\"required\"> <label for=\"form-field-field_0748dc9-0\">Da<\/label><\/span><span class=\"elementor-field-option\"><input type=\"radio\" value=\"Ne\" id=\"form-field-field_0748dc9-1\" name=\"form_fields[field_0748dc9]\" required=\"required\"> <label for=\"form-field-field_0748dc9-1\">Ne<\/label><\/span><\/div>\t\t\t\t<\/div>\n\t\t\t\t\t\t\t\t<div class=\"elementor-field-type-textarea elementor-field-group elementor-column elementor-field-group-field_549438d elementor-col-100\">\n\t\t\t\t\t<textarea class=\"elementor-field-textual elementor-field  elementor-size-sm\" name=\"form_fields[field_549438d]\" id=\"form-field-field_549438d\" rows=\"6\" placeholder=\"Poruka\"><\/textarea>\t\t\t\t<\/div>\n\t\t\t\t\t\t\t\t<div class=\"elementor-field-type-acceptance elementor-field-group elementor-column elementor-field-group-field_c901bf3 elementor-col-100\">\n\t\t\t\t\t\t\t<div class=\"elementor-field-subgroup\">\n\t\t\t<span class=\"elementor-field-option\">\n\t\t\t\t<input type=\"checkbox\" name=\"form_fields[field_c901bf3]\" id=\"form-field-field_c901bf3\" class=\"elementor-field elementor-size-sm  elementor-acceptance-field\">\n\t\t\t\t<label for=\"form-field-field_c901bf3\"> Sla\u017eem se sa politikom privatnosti web stranice.<\/label>\t\t\t<\/span>\n\t\t<\/div>\n\t\t\t\t\t\t<\/div>\n\t\t\t\t\t\t\t\t<div class=\"elementor-field-type-recaptcha_v3 elementor-field-group elementor-column elementor-field-group-field_870fd15 elementor-col-100 recaptcha_v3-bottomright\">\n\t\t\t\t\t<div class=\"elementor-field\" id=\"form-field-field_870fd15\"><div class=\"elementor-g-recaptcha\" data-sitekey=\"6LcX6WksAAAAACa6JHTcgY6uNZilLd_1aZ_seRnS\" data-type=\"v3\" data-action=\"Form\" data-badge=\"bottomright\" data-size=\"invisible\"><\/div><\/div>\t\t\t\t<\/div>\n\t\t\t\t\t\t\t\t<div class=\"elementor-field-group elementor-column elementor-field-type-submit elementor-col-100 e-form__buttons\">\n\t\t\t\t\t<button class=\"elementor-button elementor-size-lg\" type=\"submit\">\n\t\t\t\t\t\t<span class=\"elementor-button-content-wrapper\">\n\t\t\t\t\t\t\t\t\t\t\t\t\t\t\t\t\t\t\t\t\t\t<span class=\"elementor-button-text\">Po\u0161lji<\/span>\n\t\t\t\t\t\t\t\t\t\t\t\t\t<\/span>\n\t\t\t\t\t<\/button>\n\t\t\t\t<\/div>\n\t\t\t<\/div>\n\t\t<\/form>\n\t\t\t\t\t\t<\/div>\n\t\t\t\t<\/div>\n\t\t\t\t\t<\/div>\n\t\t<\/div>\n\t\t\t\t\t<\/div>\n\t\t<\/section>\n\t\t\t\t<\/div>\n\t\t","protected":false},"excerpt":{"rendered":"<p>Volonteri Informacije Provedba sportskog doga\u0111aja kao \u0161to je Achipelago Trail Run zahtijeva i brigu o sigurnosti sudionika i pomo\u0107 u izvo\u0111enju samog doga\u0111aja. Kako bi doga\u0111aj pro\u0161ao u skladu s o\u010dekivanjima, pozivamo Vas da nam se pridru\u017eite kao volonter i unesete svoj djeli\u0107 u mozaik doga\u0111anja. Ukoliko ste nam spremni pomo\u0107i u organizaciji doga\u0111aja, pozivamo [&hellip;]<\/p>\n","protected":false},"author":1,"featured_media":0,"parent":0,"menu_order":0,"comment_status":"closed","ping_status":"closed","template":"","meta":{"_acf_changed":false,"footnotes":""},"class_list":["post-7522","page","type-page","status-publish","hentry"],"acf":[],"_links":{"self":[{"href":"https:\/\/archipelagotrailrun.com\/hr\/wp-json\/wp\/v2\/pages\/7522","targetHints":{"allow":["GET"]}}],"collection":[{"href":"https:\/\/archipelagotrailrun.com\/hr\/wp-json\/wp\/v2\/pages"}],"about":[{"href":"https:\/\/archipelagotrailrun.com\/hr\/wp-json\/wp\/v2\/types\/page"}],"author":[{"embeddable":true,"href":"https:\/\/archipelagotrailrun.com\/hr\/wp-json\/wp\/v2\/users\/1"}],"replies":[{"embeddable":true,"href":"https:\/\/archipelagotrailrun.com\/hr\/wp-json\/wp\/v2\/comments?post=7522"}],"version-history":[{"count":27,"href":"https:\/\/archipelagotrailrun.com\/hr\/wp-json\/wp\/v2\/pages\/7522\/revisions"}],"predecessor-version":[{"id":12764,"href":"https:\/\/archipelagotrailrun.com\/hr\/wp-json\/wp\/v2\/pages\/7522\/revisions\/12764"}],"wp:attachment":[{"href":"https:\/\/archipelagotrailrun.com\/hr\/wp-json\/wp\/v2\/media?parent=7522"}],"curies":[{"name":"wp","href":"https:\/\/api.w.org\/{rel}","templated":true}]}}