{"id":7737,"date":"2024-03-17T14:49:53","date_gmt":"2024-03-17T14:49:53","guid":{"rendered":"https:\/\/archipelagotrailrun.com\/informacije\/prizorisce\/"},"modified":"2026-04-13T08:51:02","modified_gmt":"2026-04-13T08:51:02","slug":"mjesto-odrzavanja","status":"publish","type":"page","link":"https:\/\/archipelagotrailrun.com\/hr\/informacije\/mjesto-odrzavanja\/","title":{"rendered":"Mjesto odr\u017eavanja"},"content":{"rendered":"\t\t<div data-elementor-type=\"wp-page\" data-elementor-id=\"7737\" class=\"elementor elementor-7737 elementor-32\" data-elementor-post-type=\"page\">\n\t\t\t\t\t\t<section class=\"elementor-section elementor-top-section elementor-element elementor-element-a600a4f elementor-section-height-min-height elementor-section-boxed elementor-section-height-default elementor-section-items-middle\" data-id=\"a600a4f\" data-element_type=\"section\" data-e-type=\"section\" data-settings=\"{&quot;background_background&quot;:&quot;classic&quot;}\">\n\t\t\t\t\t\t<div class=\"elementor-container elementor-column-gap-default\">\n\t\t\t\t\t<div class=\"elementor-column elementor-col-100 elementor-top-column elementor-element elementor-element-71f9d28\" data-id=\"71f9d28\" data-element_type=\"column\" data-e-type=\"column\">\n\t\t\t<div class=\"elementor-widget-wrap elementor-element-populated\">\n\t\t\t\t\t\t<div class=\"elementor-element elementor-element-57fd670 elementor-invisible elementor-widget elementor-widget-heading\" data-id=\"57fd670\" data-element_type=\"widget\" data-e-type=\"widget\" data-settings=\"{&quot;_animation&quot;:&quot;fadeInUp&quot;}\" data-widget_type=\"heading.default\">\n\t\t\t\t<div class=\"elementor-widget-container\">\n\t\t\t\t\t<h2 class=\"elementor-heading-title elementor-size-default\">Informacije<\/h2>\t\t\t\t<\/div>\n\t\t\t\t<\/div>\n\t\t\t\t\t<\/div>\n\t\t<\/div>\n\t\t\t\t\t<\/div>\n\t\t<\/section>\n\t\t\t\t<section class=\"elementor-section elementor-top-section elementor-element elementor-element-581915a elementor-section-height-min-height telefon_s elementor-section-boxed elementor-section-height-default elementor-section-items-middle\" data-id=\"581915a\" data-element_type=\"section\" data-e-type=\"section\" data-settings=\"{&quot;background_background&quot;:&quot;classic&quot;}\">\n\t\t\t\t\t\t<div class=\"elementor-container elementor-column-gap-default\">\n\t\t\t\t\t<div class=\"elementor-column elementor-col-100 elementor-top-column elementor-element elementor-element-4de6d79\" data-id=\"4de6d79\" data-element_type=\"column\" data-e-type=\"column\">\n\t\t\t<div class=\"elementor-widget-wrap elementor-element-populated\">\n\t\t\t\t\t\t<div class=\"elementor-element elementor-element-b280134 elementor-nav-menu__align-center elementor-nav-menu--dropdown-tablet elementor-nav-menu__text-align-aside elementor-nav-menu--toggle elementor-nav-menu--burger elementor-widget elementor-widget-nav-menu\" data-id=\"b280134\" data-element_type=\"widget\" data-e-type=\"widget\" data-settings=\"{&quot;layout&quot;:&quot;horizontal&quot;,&quot;submenu_icon&quot;:{&quot;value&quot;:&quot;&lt;i class=\\&quot;fas fa-caret-down\\&quot; aria-hidden=\\&quot;true\\&quot;&gt;&lt;\\\/i&gt;&quot;,&quot;library&quot;:&quot;fa-solid&quot;},&quot;toggle&quot;:&quot;burger&quot;}\" data-widget_type=\"nav-menu.default\">\n\t\t\t\t<div class=\"elementor-widget-container\">\n\t\t\t\t\t\t\t\t<nav aria-label=\"Menu\" class=\"elementor-nav-menu--main elementor-nav-menu__container elementor-nav-menu--layout-horizontal e--pointer-underline e--animation-fade\">\n\t\t\t\t<ul id=\"menu-1-b280134\" class=\"elementor-nav-menu\"><li class=\"menu-item menu-item-type-post_type menu-item-object-page menu-item-7760\"><a href=\"https:\/\/archipelagotrailrun.com\/hr\/informacije\/mjesto-odrzavanja\/\" class=\"elementor-item\">Mjesto odr\u017eavanja<\/a><\/li>\n<li class=\"menu-item menu-item-type-post_type menu-item-object-page menu-item-7759\"><a href=\"https:\/\/archipelagotrailrun.com\/hr\/informacije\/posjetitelji\/\" class=\"elementor-item\">Posjetitelji<\/a><\/li>\n<li class=\"menu-item menu-item-type-post_type menu-item-object-page menu-item-7925\"><a href=\"https:\/\/archipelagotrailrun.com\/hr\/informacije\/faq\/\" class=\"elementor-item\">FAQ<\/a><\/li>\n<li class=\"menu-item menu-item-type-post_type menu-item-object-page menu-item-7761\"><a href=\"https:\/\/archipelagotrailrun.com\/hr\/informacije\/o-nama\/\" class=\"elementor-item\">O nama<\/a><\/li>\n<\/ul>\t\t\t<\/nav>\n\t\t\t\t\t<div class=\"elementor-menu-toggle\" role=\"button\" tabindex=\"0\" aria-label=\"Menu Toggle\" aria-expanded=\"false\">\n\t\t\t<i aria-hidden=\"true\" role=\"presentation\" class=\"elementor-menu-toggle__icon--open eicon-menu-bar\"><\/i><i aria-hidden=\"true\" role=\"presentation\" class=\"elementor-menu-toggle__icon--close eicon-close\"><\/i>\t\t<\/div>\n\t\t\t\t\t<nav class=\"elementor-nav-menu--dropdown elementor-nav-menu__container\" aria-hidden=\"true\">\n\t\t\t\t<ul id=\"menu-2-b280134\" class=\"elementor-nav-menu\"><li class=\"menu-item menu-item-type-post_type menu-item-object-page menu-item-7760\"><a href=\"https:\/\/archipelagotrailrun.com\/hr\/informacije\/mjesto-odrzavanja\/\" class=\"elementor-item\" tabindex=\"-1\">Mjesto odr\u017eavanja<\/a><\/li>\n<li class=\"menu-item menu-item-type-post_type menu-item-object-page menu-item-7759\"><a href=\"https:\/\/archipelagotrailrun.com\/hr\/informacije\/posjetitelji\/\" class=\"elementor-item\" tabindex=\"-1\">Posjetitelji<\/a><\/li>\n<li class=\"menu-item menu-item-type-post_type menu-item-object-page menu-item-7925\"><a href=\"https:\/\/archipelagotrailrun.com\/hr\/informacije\/faq\/\" class=\"elementor-item\" tabindex=\"-1\">FAQ<\/a><\/li>\n<li class=\"menu-item menu-item-type-post_type menu-item-object-page menu-item-7761\"><a href=\"https:\/\/archipelagotrailrun.com\/hr\/informacije\/o-nama\/\" class=\"elementor-item\" tabindex=\"-1\">O nama<\/a><\/li>\n<\/ul>\t\t\t<\/nav>\n\t\t\t\t\t\t<\/div>\n\t\t\t\t<\/div>\n\t\t\t\t\t<\/div>\n\t\t<\/div>\n\t\t\t\t\t<\/div>\n\t\t<\/section>\n\t\t\t\t<section class=\"elementor-section elementor-top-section elementor-element elementor-element-4ceab7d elementor-section-height-min-height namizje_s elementor-section-items-stretch elementor-section-content-middle elementor-section-boxed elementor-section-height-default\" data-id=\"4ceab7d\" data-element_type=\"section\" data-e-type=\"section\" data-settings=\"{&quot;background_background&quot;:&quot;classic&quot;}\">\n\t\t\t\t\t\t<div class=\"elementor-container elementor-column-gap-default\">\n\t\t\t\t\t<div class=\"elementor-column elementor-col-100 elementor-top-column elementor-element elementor-element-b0f409d\" data-id=\"b0f409d\" data-element_type=\"column\" data-e-type=\"column\">\n\t\t\t<div class=\"elementor-widget-wrap elementor-element-populated\">\n\t\t\t\t\t\t<div class=\"elementor-element elementor-element-5d806d4 elementor-widget elementor-widget-toggle\" data-id=\"5d806d4\" data-element_type=\"widget\" data-e-type=\"widget\" data-widget_type=\"toggle.default\">\n\t\t\t\t<div class=\"elementor-widget-container\">\n\t\t\t\t\t\t\t<div class=\"elementor-toggle\">\n\t\t\t\t\t\t\t<div class=\"elementor-toggle-item\">\n\t\t\t\t\t<div id=\"elementor-tab-title-9801\" class=\"elementor-tab-title\" data-tab=\"1\" role=\"button\" aria-controls=\"elementor-tab-content-9801\" aria-expanded=\"false\">\n\t\t\t\t\t\t\t\t\t\t\t\t<span class=\"elementor-toggle-icon elementor-toggle-icon-right\" aria-hidden=\"true\">\n\t\t\t\t\t\t\t\t\t\t\t\t\t\t\t<span class=\"elementor-toggle-icon-closed\"><i class=\"fas fa-chevron-down\"><\/i><\/span>\n\t\t\t\t\t\t\t\t<span class=\"elementor-toggle-icon-opened\"><i class=\"elementor-toggle-icon-opened fas fa-chevron-up\"><\/i><\/span>\n\t\t\t\t\t\t\t\t\t\t\t\t\t<\/span>\n\t\t\t\t\t\t\t\t\t\t\t\t<a class=\"elementor-toggle-title\" tabindex=\"0\">Mjesto odr\u017eavanja<\/a>\n\t\t\t\t\t<\/div>\n\n\t\t\t\t\t<div id=\"elementor-tab-content-9801\" class=\"elementor-tab-content elementor-clearfix\" data-tab=\"1\" role=\"region\" aria-labelledby=\"elementor-tab-title-9801\"><p><a href=\"https:\/\/archipelagotrailrun.com\/hr\/informacije\/faq\/\">FAQ<\/a><\/p><p><a href=\"https:\/\/archipelagotrailrun.com\/hr\/informacije\/posjetitelji\/\">Posjetitelji<\/a><\/p><p><a href=\"https:\/\/archipelagotrailrun.com\/hr\/informacije\/o-nama\/\">O nama<\/a><\/p><\/div>\n\t\t\t\t<\/div>\n\t\t\t\t\t\t\t\t<\/div>\n\t\t\t\t\t\t<\/div>\n\t\t\t\t<\/div>\n\t\t\t\t\t<\/div>\n\t\t<\/div>\n\t\t\t\t\t<\/div>\n\t\t<\/section>\n\t\t\t\t<section class=\"elementor-section elementor-top-section elementor-element elementor-element-f43fae0 elementor-section-boxed elementor-section-height-default elementor-section-height-default\" data-id=\"f43fae0\" data-element_type=\"section\" data-e-type=\"section\">\n\t\t\t\t\t\t<div class=\"elementor-container elementor-column-gap-default\">\n\t\t\t\t\t<div class=\"elementor-column elementor-col-100 elementor-top-column elementor-element elementor-element-785837e\" data-id=\"785837e\" data-element_type=\"column\" data-e-type=\"column\">\n\t\t\t<div class=\"elementor-widget-wrap elementor-element-populated\">\n\t\t\t\t\t\t<div class=\"elementor-element elementor-element-0ba738d elementor-widget elementor-widget-text-editor\" data-id=\"0ba738d\" data-element_type=\"widget\" data-e-type=\"widget\" data-widget_type=\"text-editor.default\">\n\t\t\t\t<div class=\"elementor-widget-container\">\n\t\t\t\t\t\t\t\t\t<p data-start=\"646\" data-end=\"743\">Archipelago Trail Run odr\u017eava se na otocima zadarskog arhipelaga: Ugljanu, Dugom otoku i Pa\u0161manu.<\/p><p data-start=\"745\" data-end=\"839\">Preuzimanje startnih brojeva i glavno doga\u0111anje smje\u0161teni su u mjestu <strong>Pa\u0161man<\/strong> na otoku Pa\u0161manu.<\/p><p data-start=\"841\" data-end=\"1026\">Prvi natjecateljski dan (subota) odr\u017eava se na Dugom otoku, kamo je za sve natjecatelje organiziran prijevoz katamaranom iz Pa\u0161mana. Start i cilj na Dugom otoku nalaze se u mjestu Sali.<\/p><p data-start=\"1028\" data-end=\"1145\" data-is-last-node=\"\" data-is-only-node=\"\">Drugi natjecateljski dan odr\u017eava se na otocima Pa\u0161manu i Ugljanu, a sredi\u0161nje doga\u0111anje smje\u0161teno je u mjestu Pa\u0161man.<\/p>\t\t\t\t\t\t\t\t<\/div>\n\t\t\t\t<\/div>\n\t\t\t\t\t<\/div>\n\t\t<\/div>\n\t\t\t\t\t<\/div>\n\t\t<\/section>\n\t\t\t\t<section class=\"elementor-section elementor-top-section elementor-element elementor-element-f16eb9f elementor-section-boxed elementor-section-height-default elementor-section-height-default\" data-id=\"f16eb9f\" data-element_type=\"section\" data-e-type=\"section\">\n\t\t\t\t\t\t<div class=\"elementor-container elementor-column-gap-default\">\n\t\t\t\t\t<div class=\"elementor-column elementor-col-33 elementor-top-column elementor-element elementor-element-6ce5bf8\" data-id=\"6ce5bf8\" data-element_type=\"column\" data-e-type=\"column\">\n\t\t\t<div class=\"elementor-widget-wrap elementor-element-populated\">\n\t\t\t\t\t\t<div class=\"elementor-element elementor-element-513fbf5 elementor-widget elementor-widget-heading\" data-id=\"513fbf5\" data-element_type=\"widget\" data-e-type=\"widget\" data-widget_type=\"heading.default\">\n\t\t\t\t<div class=\"elementor-widget-container\">\n\t\t\t\t\t<h2 class=\"elementor-heading-title elementor-size-default\">Preko<\/h2>\t\t\t\t<\/div>\n\t\t\t\t<\/div>\n\t\t\t\t<div class=\"elementor-element elementor-element-d902403 elementor-widget elementor-widget-html\" data-id=\"d902403\" data-element_type=\"widget\" data-e-type=\"widget\" data-widget_type=\"html.default\">\n\t\t\t\t<div class=\"elementor-widget-container\">\n\t\t\t\t\t<iframe src=\"https:\/\/www.google.com\/maps\/embed?pb=!1m18!1m12!1m3!1d27272.395983639843!2d15.17585909944323!3d44.06978053448977!2m3!1f0!2f0!3f0!3m2!1i1024!2i768!4f13.1!3m3!1m2!1s0x4761fbc4dfec553f%3A0x203e62811b25c226!2zUHJla28sIEhydmHFoWth!5e0!3m2!1ssl!2ssi!4v1710507366660!5m2!1ssl!2ssi\" width=\"600\" height=\"450\" style=\"border:0;\" allowfullscreen=\"\" loading=\"lazy\" referrerpolicy=\"no-referrer-when-downgrade\"><\/iframe>\t\t\t\t<\/div>\n\t\t\t\t<\/div>\n\t\t\t\t\t<\/div>\n\t\t<\/div>\n\t\t\t\t<div class=\"elementor-column elementor-col-33 elementor-top-column elementor-element elementor-element-b92f7dd\" data-id=\"b92f7dd\" data-element_type=\"column\" data-e-type=\"column\">\n\t\t\t<div class=\"elementor-widget-wrap elementor-element-populated\">\n\t\t\t\t\t\t<div class=\"elementor-element elementor-element-4953def elementor-widget elementor-widget-heading\" data-id=\"4953def\" data-element_type=\"widget\" data-e-type=\"widget\" data-widget_type=\"heading.default\">\n\t\t\t\t<div class=\"elementor-widget-container\">\n\t\t\t\t\t<h2 class=\"elementor-heading-title elementor-size-default\">Sali<\/h2>\t\t\t\t<\/div>\n\t\t\t\t<\/div>\n\t\t\t\t<div class=\"elementor-element elementor-element-d317044 elementor-widget elementor-widget-html\" data-id=\"d317044\" data-element_type=\"widget\" data-e-type=\"widget\" data-widget_type=\"html.default\">\n\t\t\t\t<div class=\"elementor-widget-container\">\n\t\t\t\t\t<iframe src=\"https:\/\/www.google.com\/maps\/embed?pb=!1m14!1m8!1m3!1d54675.96392808079!2d15.139598901471203!3d43.92726129707933!3m2!1i1024!2i768!4f13.1!3m3!1m2!1s0x1334adc931a6cfcb%3A0xe40f26b479bb6f18!2zU2FsaSwgSHJ2YcWha2E!5e0!3m2!1ssl!2ssi!4v1710507534851!5m2!1ssl!2ssi\" width=\"600\" height=\"450\" style=\"border:0;\" allowfullscreen=\"\" loading=\"lazy\" referrerpolicy=\"no-referrer-when-downgrade\"><\/iframe>\t\t\t\t<\/div>\n\t\t\t\t<\/div>\n\t\t\t\t\t<\/div>\n\t\t<\/div>\n\t\t\t\t<div class=\"elementor-column elementor-col-33 elementor-top-column elementor-element elementor-element-7f7081c\" data-id=\"7f7081c\" data-element_type=\"column\" data-e-type=\"column\">\n\t\t\t<div class=\"elementor-widget-wrap elementor-element-populated\">\n\t\t\t\t\t\t<div class=\"elementor-element elementor-element-c872a7c elementor-widget elementor-widget-heading\" data-id=\"c872a7c\" data-element_type=\"widget\" data-e-type=\"widget\" data-widget_type=\"heading.default\">\n\t\t\t\t<div class=\"elementor-widget-container\">\n\t\t\t\t\t<h2 class=\"elementor-heading-title elementor-size-default\">Pa\u0161man<\/h2>\t\t\t\t<\/div>\n\t\t\t\t<\/div>\n\t\t\t\t<div class=\"elementor-element elementor-element-38513bd elementor-widget elementor-widget-html\" data-id=\"38513bd\" data-element_type=\"widget\" data-e-type=\"widget\" data-widget_type=\"html.default\">\n\t\t\t\t<div class=\"elementor-widget-container\">\n\t\t\t\t\t<iframe src=\"https:\/\/www.google.com\/maps\/embed?pb=!1m18!1m12!1m3!1d77287.52669464683!2d15.31898330005922!3d43.954919559080246!2m3!1f0!2f0!3f0!3m2!1i1024!2i768!4f13.1!3m3!1m2!1s0x1334b54ac833d6e9%3A0x2a8b051ea2c47e9a!2sBarotul%2C%20Hrva%C5%A1ka!5e0!3m2!1ssl!2ssi!4v1771328207119!5m2!1ssl!2ssi\" width=\"600\" height=\"450\" style=\"border:0;\" allowfullscreen=\"\" loading=\"lazy\" referrerpolicy=\"no-referrer-when-downgrade\"><\/iframe>\t\t\t\t<\/div>\n\t\t\t\t<\/div>\n\t\t\t\t\t<\/div>\n\t\t<\/div>\n\t\t\t\t\t<\/div>\n\t\t<\/section>\n\t\t\t\t<section class=\"elementor-section elementor-top-section elementor-element elementor-element-11020cb elementor-hidden-desktop elementor-hidden-tablet elementor-hidden-mobile elementor-section-boxed elementor-section-height-default elementor-section-height-default\" data-id=\"11020cb\" data-element_type=\"section\" data-e-type=\"section\">\n\t\t\t\t\t\t<div class=\"elementor-container elementor-column-gap-default\">\n\t\t\t\t\t<div class=\"elementor-column elementor-col-100 elementor-top-column elementor-element elementor-element-8ed6794\" data-id=\"8ed6794\" data-element_type=\"column\" data-e-type=\"column\">\n\t\t\t<div class=\"elementor-widget-wrap elementor-element-populated\">\n\t\t\t\t\t\t<div class=\"elementor-element elementor-element-f34c699 elementor-widget elementor-widget-heading\" data-id=\"f34c699\" data-element_type=\"widget\" data-e-type=\"widget\" data-widget_type=\"heading.default\">\n\t\t\t\t<div class=\"elementor-widget-container\">\n\t\t\t\t\t<h2 class=\"elementor-heading-title elementor-size-default\">Program<\/h2>\t\t\t\t<\/div>\n\t\t\t\t<\/div>\n\t\t\t\t<div class=\"elementor-element elementor-element-6a707fb elementor-widget elementor-widget-heading\" data-id=\"6a707fb\" data-element_type=\"widget\" data-e-type=\"widget\" data-widget_type=\"heading.default\">\n\t\t\t\t<div class=\"elementor-widget-container\">\n\t\t\t\t\t<h2 class=\"elementor-heading-title elementor-size-default\">Petak, 17.10.2025: Preko, marina<\/h2>\t\t\t\t<\/div>\n\t\t\t\t<\/div>\n\t\t\t\t<div class=\"elementor-element elementor-element-a962446 elementor-widget elementor-widget-text-editor\" data-id=\"a962446\" data-element_type=\"widget\" data-e-type=\"widget\" data-widget_type=\"text-editor.default\">\n\t\t\t\t<div class=\"elementor-widget-container\">\n\t\t\t\t\t\t\t\t\t<ul><li><span style=\"font-weight: 400;\">16.30 &#8211; 20.00 Preuzimanje startnih brojeva<\/span><\/li><li><span style=\"font-weight: 400;\">17:45 Start Sunset vertical race<\/span><\/li><li><span style=\"font-weight: 400;\">19:45 Sunset vertical race dodjela nagrada<\/span><\/li><li>17.00 &#8211; 22.00 Popratna doga\u0111anja: osvje\u017eenje za trka\u010de tijekom prijava, glazba u\u017eivo<\/li><\/ul>\t\t\t\t\t\t\t\t<\/div>\n\t\t\t\t<\/div>\n\t\t\t\t<div class=\"elementor-element elementor-element-b8f06c4 elementor-widget elementor-widget-heading\" data-id=\"b8f06c4\" data-element_type=\"widget\" data-e-type=\"widget\" data-widget_type=\"heading.default\">\n\t\t\t\t<div class=\"elementor-widget-container\">\n\t\t\t\t\t<h2 class=\"elementor-heading-title elementor-size-default\">Subota, 18.10.2025: Preko (marina) in Sali (marina)\n<\/h2>\t\t\t\t<\/div>\n\t\t\t\t<\/div>\n\t\t\t\t<div class=\"elementor-element elementor-element-62ef376 elementor-widget elementor-widget-text-editor\" data-id=\"62ef376\" data-element_type=\"widget\" data-e-type=\"widget\" data-widget_type=\"text-editor.default\">\n\t\t\t\t<div class=\"elementor-widget-container\">\n\t\t\t\t\t\t\t\t\t<p><span style=\"font-weight: 400;\"><strong>Preko (marina)<\/strong><\/span><\/p>\n<ul>\n<li>6:45 Polazak katamarana iz Preka za Sali (za trka\u010de na 35km i 20km)<\/li>\n<li>9:00 Polazak katamarana iz Preka za Sali (za trka\u010de na 10km i pratitelje)<\/li>\n<\/ul>\n<p><span style=\"font-weight: 400;\"><strong>Sali (marina)<\/strong><\/span><\/p><ul>\n<li><span style=\"font-weight: 400;\">8.30 Start Dugi otok 35km<\/span><\/li>\n<li>9.30 Start Dugi otok 20km<\/li>\n<li>10.30 Start Dugi otok 10km<\/li>\n<li>13:30 h Dugi otok 10km dodjela nagrada<\/li>\n<li>14.00 Dugi otok 20km dodjela nagrada<\/li>\n<li>15.00 Polazak katamarana iz Sali za Preko (za trka\u010de na 10km i njihove pratitelje)<\/li>\n<li>16.00 Dugi otok 35km dodjela nagrada<\/li>\n<li>17.00 Polazak katamarana iz Sali za Preko (za trka\u010de na 20 km i njihove pratitelje)<\/li>\n<li>17.45 Polazak katamarana iz Sali za Preko (za trka\u010de na 35 km i njihove pratitelje)<\/li>\n<li>ve\u010dernja zabava u marini Preko<\/li>\n<\/ul>\t\t\t\t\t\t\t\t<\/div>\n\t\t\t\t<\/div>\n\t\t\t\t<div class=\"elementor-element elementor-element-1c49687 elementor-widget elementor-widget-heading\" data-id=\"1c49687\" data-element_type=\"widget\" data-e-type=\"widget\" data-widget_type=\"heading.default\">\n\t\t\t\t<div class=\"elementor-widget-container\">\n\t\t\t\t\t<h2 class=\"elementor-heading-title elementor-size-default\">Nedelja, 19.10.2025: Preko, marina\n<\/h2>\t\t\t\t<\/div>\n\t\t\t\t<\/div>\n\t\t\t\t<div class=\"elementor-element elementor-element-4205e24 elementor-widget elementor-widget-text-editor\" data-id=\"4205e24\" data-element_type=\"widget\" data-e-type=\"widget\" data-widget_type=\"text-editor.default\">\n\t\t\t\t<div class=\"elementor-widget-container\">\n\t\t\t\t\t\t\t\t\t<ul><li><span style=\"font-weight: 400;\">6:30 &#8211; 9:30 Preuzimanje startnih brojeva<\/span><\/li><li>7:00 h Start Ugljan-Pa\u0161man 45km<\/li><li>9.30 Start Ugljan-Pa\u0161man 20km<\/li><li>10.30 Start Ugljan-Pa\u0161man 10km<\/li><li>13.30 Ugljan-Pa\u0161man 10km dodjela nagrada<\/li><li>14.00 Nagrada SHORT TRAIL<\/li><li>14.30 Ugljan-Pa\u0161man 20km dodjela nagrada<\/li><li>15.00 Nagrada MIDDLE TRAIL<\/li><li>17.00 Dodjela nagrada Ugljan-Pa\u0161man 45km<\/li><li>17.30 Nagrada LONG TRAIL<\/li><\/ul>\t\t\t\t\t\t\t\t<\/div>\n\t\t\t\t<\/div>\n\t\t\t\t\t<\/div>\n\t\t<\/div>\n\t\t\t\t\t<\/div>\n\t\t<\/section>\n\t\t\t\t<\/div>\n\t\t","protected":false},"excerpt":{"rendered":"<p>Informacije Mjesto odr\u017eavanja FAQ Posjetitelji O nama Archipelago Trail Run odr\u017eava se na otocima zadarskog arhipelaga: Ugljanu, Dugom otoku i Pa\u0161manu. Preuzimanje startnih brojeva i glavno doga\u0111anje smje\u0161teni su u mjestu Pa\u0161man na otoku Pa\u0161manu. Prvi natjecateljski dan (subota) odr\u017eava se na Dugom otoku, kamo je za sve natjecatelje organiziran prijevoz katamaranom iz Pa\u0161mana. Start [&hellip;]<\/p>\n","protected":false},"author":1,"featured_media":0,"parent":7460,"menu_order":0,"comment_status":"closed","ping_status":"closed","template":"","meta":{"_acf_changed":false,"footnotes":""},"class_list":["post-7737","page","type-page","status-publish","hentry"],"acf":[],"_links":{"self":[{"href":"https:\/\/archipelagotrailrun.com\/hr\/wp-json\/wp\/v2\/pages\/7737","targetHints":{"allow":["GET"]}}],"collection":[{"href":"https:\/\/archipelagotrailrun.com\/hr\/wp-json\/wp\/v2\/pages"}],"about":[{"href":"https:\/\/archipelagotrailrun.com\/hr\/wp-json\/wp\/v2\/types\/page"}],"author":[{"embeddable":true,"href":"https:\/\/archipelagotrailrun.com\/hr\/wp-json\/wp\/v2\/users\/1"}],"replies":[{"embeddable":true,"href":"https:\/\/archipelagotrailrun.com\/hr\/wp-json\/wp\/v2\/comments?post=7737"}],"version-history":[{"count":58,"href":"https:\/\/archipelagotrailrun.com\/hr\/wp-json\/wp\/v2\/pages\/7737\/revisions"}],"predecessor-version":[{"id":13061,"href":"https:\/\/archipelagotrailrun.com\/hr\/wp-json\/wp\/v2\/pages\/7737\/revisions\/13061"}],"up":[{"embeddable":true,"href":"https:\/\/archipelagotrailrun.com\/hr\/wp-json\/wp\/v2\/pages\/7460"}],"wp:attachment":[{"href":"https:\/\/archipelagotrailrun.com\/hr\/wp-json\/wp\/v2\/media?parent=7737"}],"curies":[{"name":"wp","href":"https:\/\/api.w.org\/{rel}","templated":true}]}}