{"id":65,"date":"2021-11-17T11:05:38","date_gmt":"2021-11-17T11:05:38","guid":{"rendered":"https:\/\/archipelagotrailrun.com\/?page_id=65"},"modified":"2021-12-09T15:35:36","modified_gmt":"2021-12-09T15:35:36","slug":"piskotki","status":"publish","type":"page","link":"https:\/\/archipelagotrailrun.com\/sl\/piskotki\/","title":{"rendered":"Pi\u0161kotki"},"content":{"rendered":"\t\t<div data-elementor-type=\"wp-page\" data-elementor-id=\"65\" class=\"elementor elementor-65\" data-elementor-post-type=\"page\">\n\t\t\t\t\t\t<section class=\"elementor-section elementor-top-section elementor-element elementor-element-e9711ec elementor-section-height-min-height elementor-section-boxed elementor-section-height-default elementor-section-items-middle\" data-id=\"e9711ec\" data-element_type=\"section\" data-e-type=\"section\" data-settings=\"{&quot;background_background&quot;:&quot;classic&quot;}\">\n\t\t\t\t\t\t<div class=\"elementor-container elementor-column-gap-default\">\n\t\t\t\t\t<div class=\"elementor-column elementor-col-100 elementor-top-column elementor-element elementor-element-6ab8218\" data-id=\"6ab8218\" data-element_type=\"column\" data-e-type=\"column\">\n\t\t\t<div class=\"elementor-widget-wrap elementor-element-populated\">\n\t\t\t\t\t\t<div class=\"elementor-element elementor-element-7b438ff elementor-invisible elementor-widget elementor-widget-heading\" data-id=\"7b438ff\" data-element_type=\"widget\" data-e-type=\"widget\" data-settings=\"{&quot;_animation&quot;:&quot;fadeInUp&quot;}\" data-widget_type=\"heading.default\">\n\t\t\t\t<div class=\"elementor-widget-container\">\n\t\t\t\t\t<h2 class=\"elementor-heading-title elementor-size-default\">Pi\u0161kotki<\/h2>\t\t\t\t<\/div>\n\t\t\t\t<\/div>\n\t\t\t\t\t<\/div>\n\t\t<\/div>\n\t\t\t\t\t<\/div>\n\t\t<\/section>\n\t\t\t\t<section class=\"elementor-section elementor-top-section elementor-element elementor-element-019b19a elementor-section-boxed elementor-section-height-default elementor-section-height-default\" data-id=\"019b19a\" data-element_type=\"section\" data-e-type=\"section\">\n\t\t\t\t\t\t<div class=\"elementor-container elementor-column-gap-default\">\n\t\t\t\t\t<div class=\"elementor-column elementor-col-100 elementor-top-column elementor-element elementor-element-a719663\" data-id=\"a719663\" data-element_type=\"column\" data-e-type=\"column\">\n\t\t\t<div class=\"elementor-widget-wrap elementor-element-populated\">\n\t\t\t\t\t\t<div class=\"elementor-element elementor-element-33a89bc elementor-widget elementor-widget-text-editor\" data-id=\"33a89bc\" data-element_type=\"widget\" data-e-type=\"widget\" data-widget_type=\"text-editor.default\">\n\t\t\t\t<div class=\"elementor-widget-container\">\n\t\t\t\t\t\t\t\t\t<div data-id=\"0be89cf\" data-element_type=\"widget\" data-widget_type=\"heading.default\"><div><h2>Kaj so pi\u0161kotki?<\/h2><p>Pi\u0161kotki so male besedilne datoteke, ki jih uporablja ve\u010dina spletnih mest. Ob obisku spletne strani se shranijo na va\u0161 ra\u010dunalnik ali mobilno napravo. Pi\u0161kotki obi\u010dajno vsebujejo ime stre\u017enika, s katerega je bil poslan pi\u0161kotek; \u017eivljenjsko dobo pi\u0161kotka in vrednost, ki je ponavadi neko naklju\u010dno generirano edinstveno \u0161tevilo.<\/p><p>Njihovo shranjevanje je pod popolnim nadzorom va\u0161ega brskalnika \u2013 uporabnik lahko shranjevanje pi\u0161kotkov po \u017eelji omeji ali onemogo\u010di, vendar se zaradi omejitev lahko zgodi, da spletna stran ne bo pravilno delovala, vsebine ne bodo prikazane in bo omejen dostop do nekaterih funkcionalnosti. Pi\u0161kotki niso \u0161kodljivi in so vedno \u010dasovno omejeni.<\/p><p>Pi\u0161kotke uporablja ve\u010dina sodobnih spletnih strani, saj bi bila brez njih uporabnost spletnih mest zelo okrnjena. Hramba in branje informacij v pi\u0161kotkih se uporabljajo:<\/p><p>za seje (npr. prijavljanje na forume),<br \/>za ko\u0161arice v spletnih trgovinah,<br \/>za ponovno uporabo va\u0161ih odlo\u010ditev, ki ste jih naredili (npr. izbira jezika ali valute, ki jo uporabljate),<br \/>za prikaz razli\u010dnih naprednih vsebin na spletni strani (npr. zemljevidi, video),<br \/>za vodenje statistike obiska strani,<br \/>za podporo vti\u010dnikom dru\u017eabnih omre\u017eij (npr. v\u0161e\u010dkanje in deljenje),<br \/>za prikazovanje oglasov po meri uporabnika spleta.<\/p><p>Pi\u0161kotki so lahko za\u010dasni (za trenutno \u201csejo\u201d), kar pomeni, da so v uporabi samo med va\u0161im obiskom spletnega mesta in se izbri\u0161ejo, ko spletni brskalnik zaprete, lahko pa so stalni, kar pomeni, da ostanejo v napravi po tem, ko spletno mesto zapustite, dokler jih ne izbri\u0161ete sami ali jih po preteku dolo\u010denega obdobja ne izbri\u0161e va\u0161 brskalnik.<\/p><p>\u00a0<\/p><h2>\u00a0<\/h2><h2>Kako spletno mesto uporablja pi\u0161kotke?<\/h2><p>Trudimo se, da bi na\u0161im uporabnikom ponudili sodobno, hitro in enostavno spletno stran, ki se samodejno prilagaja va\u0161im potrebam in \u017eeljam. Da bi to dosegli, na\u0161a spletna stran lahko uporablja naslednje vrste pi\u0161kotkov: tehni\u010dne pi\u0161kotke, funkcionalne pi\u0161kotke, analiti\u010dne pi\u0161kotke in komercialne pi\u0161kotke. Pi\u0161kotki sami po sebi ne omogo\u010dajo va\u0161e identifikacije in samo z njimi ni mogo\u010de ugotoviti kdo konkretno ste.<\/p><p>\u00a0<\/p><h2>\u00a0<\/h2><h2>Katere vrste pi\u0161kotkov uporabljamo?<\/h2><p>Obstajajo razli\u010dne vrste pi\u0161kotkov in razli\u010dni na\u010dini, kako jih uporabljamo. Pi\u0161kotki se lahko razvrstijo glede na njihovo funkcijo, \u017eivljenjsko dobo in glede na to, kdo jih name\u0161\u010da.<\/p><p>\u00a0<\/p><h2>\u00a0<\/h2><h2>Analiti\u010dni pi\u0161kotki<\/h2><p>S temi pi\u0161kotki upravlja JATrail d.o.o. in jih neposredno name\u0161\u010da na\u0161a spletna stran. Vsi podatki so zbrani v anonimni in agregirani obliki ter se uporabljajo zgolj za merjenje statistike obiska na na\u0161ih spletnih straneh. Namestijo se takoj, ko prispete na na\u0161o spletno stran, pri \u010demer omogo\u010damo zajem statisti\u010dnih podatkov brez ogla\u0161evalskih dodatkov in podatkov ne delimo s tretjimi osebami.<\/p><p>\u010ce z uporabo spletne strani nadaljujete, smatramo, da se z lastnimi analiti\u010dnimi pi\u0161kotki v celoti strinjate.\u00a0<\/p><div style=\"color: #42393b; font-family: Poppins, sans-serif; font-weight: 300; line-height: var( --e-global-typography-text-line-height ); letter-spacing: 0.16px; width: 1140px; background-color: #fbfbfb;\" data-id=\"b439b6c\" data-element_type=\"widget\" data-widget_type=\"text-editor.default\"><table style=\"background-color: #fbfbfb; width: 1140px; letter-spacing: 0.16px;\" data-sort-table=\"no\" data-show-entry=\"no\" data-searchable=\"no\"><thead><tr><th style=\"border-top: 0px; font-size: 15px; text-transform: capitalize;\" scope=\"col\" data-sort=\"0\">Ime Pi\u0161kotka<\/th><th style=\"border-top: 0px; font-size: 15px; text-transform: capitalize;\" scope=\"col\" data-sort=\"1\">Namen<\/th><th style=\"border-top: 0px; font-size: 15px; text-transform: capitalize;\" scope=\"col\" data-sort=\"2\">\u010cas Poteka<\/th><th style=\"border-top: 0px; font-size: 15px; text-transform: capitalize;\" scope=\"col\" data-sort=\"3\">Podjetje<\/th><\/tr><\/thead><tbody><tr data-entry=\"1\"><td data-title=\"Ime pi\u0161kotka\">_ga<\/td><td data-title=\"Namen\">Statistika ogledov spletne strani<\/td><td data-title=\"\u010cas poteka\">2 leti<\/td><td data-title=\"Podjetje\">Google Analytics<\/td><\/tr><tr data-entry=\"2\"><td data-title=\"Ime pi\u0161kotka\">_gid<\/td><td data-title=\"Namen\">Statistika ogledov spletne strani<\/td><td data-title=\"\u010cas poteka\">24 ur<\/td><td data-title=\"Podjetje\">Google Analytics<\/td><\/tr><tr data-entry=\"3\"><td data-title=\"Ime pi\u0161kotka\">_gat<\/td><td data-title=\"Namen\">Statistika ogledov spletne strani<\/td><td data-title=\"\u010cas poteka\">1 min<\/td><td data-title=\"Podjetje\">Google Analytics<\/td><\/tr><\/tbody><\/table><\/div><div style=\"color: #42393b; font-family: Poppins, sans-serif; font-weight: 300; line-height: var( --e-global-typography-text-line-height ); letter-spacing: 0.16px; width: 1140px; background-color: #fbfbfb;\" data-id=\"9d4e5bc\" data-element_type=\"widget\" data-widget_type=\"text-editor.default\">\u00a0<\/div><h2>\u00a0<\/h2><h2>Funkcionalni in analiti\u010dni pi\u0161kotki tretjih oseb<\/h2><p>S pomo\u010djo teh pi\u0161kotkov vam omogo\u010damo sodobno uporabni\u0161ko izku\u0161njo s pravilnim delovanjem vti\u010dnikov dru\u017ebenih omre\u017eij (npr. za v\u0161e\u010dkanje in deljenje Facebook vsebin) in pripadajo\u010do analitiko. Anonimni podatki, ki se zbirajo prek pi\u0161kotkov, so na voljo podjetju JATrail d.o.o., obdelovalcu podatkov in ponudniku storitve, prek katerega se funkcionalnosti izvajajo (npr. Google, Facebook). JATrail d.o.o. uporablja le storitve tistih podjetij, ki jim zaupa.<\/p><p>Z izklopom teh pi\u0161kotkov si onemogo\u010dite dostop do nekaterih vsebin, v\u0161e\u010dkanje in deljenje vsebin ter prikaz nekaterih video vsebin (YouTube). \u010ce kliknete katerega od gumbov s povezavo na dru\u017eabna omre\u017eja, se to zabele\u017ei na teh spletnih mestih, ki ta podatek lahko uporabijo. Svetujemo vam, da se seznanite s pravilniki vsakega od teh spletnih mest in preverite, kako te podatke uporabljajo ter kako lahko sodelovanje pri zbiranju teh podatkov zavrnete oziroma podatke izbri\u0161ete.<\/p><div style=\"color: #42393b; font-family: Poppins, sans-serif; font-weight: 300; line-height: var( --e-global-typography-text-line-height ); letter-spacing: 0.16px; width: 1140px; background-color: #fbfbfb;\" data-id=\"b439b6c\" data-element_type=\"widget\" data-widget_type=\"text-editor.default\">\u00a0<\/div><div style=\"color: #42393b; font-family: Poppins, sans-serif; font-weight: 300; line-height: var( --e-global-typography-text-line-height ); letter-spacing: 0.16px; width: 1140px; background-color: #fbfbfb;\" data-id=\"9d4e5bc\" data-element_type=\"widget\" data-widget_type=\"text-editor.default\"><div><table style=\"width: 1140px;\" data-sort-table=\"no\" data-show-entry=\"no\" data-searchable=\"no\"><thead><tr><th style=\"border-top: 0px; font-size: 15px; text-transform: capitalize;\" scope=\"col\" data-sort=\"0\">Ime Pi\u0161kotka<\/th><th style=\"border-top: 0px; font-size: 15px; text-transform: capitalize;\" scope=\"col\" data-sort=\"1\">Namen<\/th><th style=\"border-top: 0px; font-size: 15px; text-transform: capitalize;\" scope=\"col\" data-sort=\"2\">\u010cas Poteka<\/th><th style=\"border-top: 0px; font-size: 15px; text-transform: capitalize;\" scope=\"col\" data-sort=\"3\">Podjetje<\/th><\/tr><\/thead><tbody><tr data-entry=\"1\"><td data-title=\"Ime pi\u0161kotka\">uid_atuvc<\/td><td data-title=\"Namen\">Te pi\u0161kotke namestijo tretje osebe, ki<br data-ce-key=\"2176\" \/>na na\u0161em spletnem mestu objavljajo<br data-ce-key=\"2177\" \/>gumbe za izmenjavo informacij v dru\u017ebenih<br data-ce-key=\"2178\" \/>omre\u017ejih.<\/td><td data-title=\"\u010cas poteka\">2 leti<\/td><td data-title=\"Podjetje\">Google<\/td><\/tr><tr data-entry=\"2\"><td data-title=\"Ime pi\u0161kotka\">REF<\/td><td data-title=\"Namen\">YouTube video embeded pi\u0161kotek<\/td><td data-title=\"\u010cas poteka\">10 let<\/td><td data-title=\"Podjetje\">Google<\/td><\/tr><tr data-entry=\"3\"><td data-title=\"Ime pi\u0161kotka\">VISITOR_INFO1_LIVE<\/td><td data-title=\"Namen\">YouTube video embeded pi\u0161kotek<\/td><td data-title=\"\u010cas poteka\">7-8 mesecev<\/td><td data-title=\"Podjetje\">Google<\/td><\/tr><tr data-entry=\"4\"><td data-title=\"Ime pi\u0161kotka\">YSC<\/td><td data-title=\"Namen\">YouTube video embeded pi\u0161kotek<\/td><td data-title=\"\u010cas poteka\">Potek seje<\/td><td data-title=\"Podjetje\">Google<\/td><\/tr><\/tbody><\/table><\/div><\/div><h2>\u00a0<\/h2><h2>Oglasni pi\u0161kotki tretjih oseb<\/h2><p>\u00a0<\/p><p>Med oglasne pi\u0161kotke tretjih oseb spadajo pi\u0161kotki drugih podjetij kot so Facebook Inc. in Google Inc., ki upravljajo z oglasno mre\u017eo. JATrail d.o.o. uporablja samo oglase podjetij, ki s podatki upravljajo odgovorno in jim zaupamo.<\/p><p>\u010ce pi\u0161kotke tretjih oseb v nastavitvah izklopite, se vam bodo oglasi na spletu \u0161e vedno prikazovali, vendar le-ti ne bodo prilagojeni va\u0161im \u017eeljam in za vas ne bodo zanimivi.<\/p><p>\u00a0<\/p><div style=\"color: #42393b; font-family: Poppins, sans-serif; font-weight: 300; line-height: var( --e-global-typography-text-line-height ); letter-spacing: 0.16px; width: 1140px; background-color: #fbfbfb;\" data-id=\"d4e8f78\" data-element_type=\"widget\" data-widget_type=\"text-editor.default\"><div><table style=\"width: 1140px;\" data-sort-table=\"no\" data-show-entry=\"no\" data-searchable=\"no\"><thead><tr><th style=\"border-top: 0px; font-size: 15px; text-transform: capitalize;\" scope=\"col\" data-sort=\"0\">Ime Pi\u0161kotka<\/th><th style=\"border-top: 0px; font-size: 15px; text-transform: capitalize;\" scope=\"col\" data-sort=\"1\">Namen<\/th><th style=\"border-top: 0px; font-size: 15px; text-transform: capitalize;\" scope=\"col\" data-sort=\"2\">\u010cas Poteka<\/th><th style=\"border-top: 0px; font-size: 15px; text-transform: capitalize;\" scope=\"col\" data-sort=\"3\">Podjetje<\/th><\/tr><\/thead><tbody><tr data-entry=\"1\"><td data-title=\"Ime pi\u0161kotka\">fr<\/td><td data-title=\"Namen\">Pi\u0161kotek za profiliranje uporabnikov<\/td><td data-title=\"\u010cas poteka\">3 mesece<\/td><td data-title=\"Podjetje\">Facebook<\/td><\/tr><tr data-entry=\"2\"><td data-title=\"Ime pi\u0161kotka\">wd<\/td><td data-title=\"Namen\">Pi\u0161kotek za profiliranje uporabnikov<\/td><td data-title=\"\u010cas poteka\">1 teden<\/td><td data-title=\"Podjetje\">Facebook<\/td><\/tr><tr data-entry=\"3\"><td data-title=\"Ime pi\u0161kotka\">datr<\/td><td data-title=\"Namen\">Pi\u0161kote za profiliranje uporabnikov<\/td><td data-title=\"\u010cas poteka\">2 meseca<\/td><td data-title=\"Podjetje\">Facebook<\/td><\/tr><tr data-entry=\"4\"><td data-title=\"Ime pi\u0161kotka\">xs<\/td><td data-title=\"Namen\">Pi\u0161kotek za profiliranje uporabnikov<\/td><td data-title=\"\u010cas poteka\">3 mesece<\/td><td data-title=\"Podjetje\">Facebook<\/td><\/tr><tr data-entry=\"5\"><td data-title=\"Ime pi\u0161kotka\">sb<\/td><td data-title=\"Namen\">Pi\u0161kotek za profiliranje uporabnikov<\/td><td data-title=\"\u010cas poteka\">18 mesecev<\/td><td data-title=\"Podjetje\">Facebook<\/td><\/tr><tr data-entry=\"6\"><td data-title=\"Ime pi\u0161kotka\">c_user<\/td><td data-title=\"Namen\">Pi\u0161kotek za profiliranje uporabnikov<\/td><td data-title=\"\u010cas poteka\">3 mesece<\/td><td data-title=\"Podjetje\">Facebook<\/td><\/tr><\/tbody><\/table><\/div><\/div><h2>\u00a0<\/h2><h2>Drugi pi\u0161kotki<\/h2><p>\u00a0<\/p><p>Drugih pi\u0161kotkov na\u0161a spletna stran ne name\u0161\u010da, niti ne omogo\u010da njihove namestitve tretjim osebam. Lahko pa v dolo\u010denih primerih uporabljamo pi\u0161kotke, ki ste jih s sogla\u0161anjem na svojo napravo namestili pri uporabi razli\u010dnih Google storitev \u0161e preden ste prvi\u010d obiskali na\u0161o spletno stran, zato na njih ne moremo vplivati.<\/p><p>Ni nujno, da imamo vse te pi\u0161kotke\u2026 tukaj imamo seznam mo\u017enih, na spletno stran vnesemo potem tiste, ki se dejansko nalagajo.<\/p><p>\u00a0<\/p><h2>\u00a0<\/h2><h2>Nastavitev pi\u0161kotkov<\/h2><p>\u010ce \u017eelite spremeniti na\u010din uporabe pi\u0161kotkov v brskalniku, vklju\u010dno z blokiranjem ali izbrisom, lahko to storite z ustrezno spremembo nastavitev brskalnika. Za upravljanje pi\u0161kotkov vam ve\u010dina brskalnikov omogo\u010da, da sprejmete ali zavrnete vse pi\u0161kotke, sprejmete samo dolo\u010deno vrsto pi\u0161kotkov ali pa vas opozori, da stran \u017eeli shraniti pi\u0161kotek. Pi\u0161kotke, ki jih je brskalnik shranil, lahko tudi enostavno izbri\u0161ete. \u010ce spremenite ali izbri\u0161ete brskalnikovo datoteko s pi\u0161kotki, spremenite ali nagradite va\u0161 brskalnik ali napravo, boste morda morali ponovno onemogo\u010diti pi\u0161kotke. Postopek za upravljanje in brisanje pi\u0161kotkov se razlikuje od brskalnika do brskalnika. \u010ce pri tem potrebujete pomo\u010d, lahko pogledate v brskalnikovi pomo\u010di uporabnikom. Sledenju Google Analytics lahko onemogo\u010dite tudi na naslednji povezavi.<\/p><p>S pi\u0161kotki se strinjate, \u010de uporabljate to spletno stran.\u00a0<\/p><\/div><\/div>\t\t\t\t\t\t\t\t<\/div>\n\t\t\t\t<\/div>\n\t\t\t\t\t<\/div>\n\t\t<\/div>\n\t\t\t\t\t<\/div>\n\t\t<\/section>\n\t\t\t\t<\/div>\n\t\t","protected":false},"excerpt":{"rendered":"<p>Pi\u0161kotki Kaj so pi\u0161kotki? Pi\u0161kotki so male besedilne datoteke, ki jih uporablja ve\u010dina spletnih mest. Ob obisku spletne strani se shranijo na va\u0161 ra\u010dunalnik ali mobilno napravo. Pi\u0161kotki obi\u010dajno vsebujejo ime stre\u017enika, s katerega je bil poslan pi\u0161kotek; \u017eivljenjsko dobo pi\u0161kotka in vrednost, ki je ponavadi neko naklju\u010dno generirano edinstveno \u0161tevilo. Njihovo shranjevanje je pod [&hellip;]<\/p>\n","protected":false},"author":1,"featured_media":0,"parent":0,"menu_order":0,"comment_status":"closed","ping_status":"closed","template":"","meta":{"_acf_changed":false,"footnotes":""},"class_list":["post-65","page","type-page","status-publish","hentry"],"acf":[],"_links":{"self":[{"href":"https:\/\/archipelagotrailrun.com\/sl\/wp-json\/wp\/v2\/pages\/65","targetHints":{"allow":["GET"]}}],"collection":[{"href":"https:\/\/archipelagotrailrun.com\/sl\/wp-json\/wp\/v2\/pages"}],"about":[{"href":"https:\/\/archipelagotrailrun.com\/sl\/wp-json\/wp\/v2\/types\/page"}],"author":[{"embeddable":true,"href":"https:\/\/archipelagotrailrun.com\/sl\/wp-json\/wp\/v2\/users\/1"}],"replies":[{"embeddable":true,"href":"https:\/\/archipelagotrailrun.com\/sl\/wp-json\/wp\/v2\/comments?post=65"}],"version-history":[{"count":25,"href":"https:\/\/archipelagotrailrun.com\/sl\/wp-json\/wp\/v2\/pages\/65\/revisions"}],"predecessor-version":[{"id":2628,"href":"https:\/\/archipelagotrailrun.com\/sl\/wp-json\/wp\/v2\/pages\/65\/revisions\/2628"}],"wp:attachment":[{"href":"https:\/\/archipelagotrailrun.com\/sl\/wp-json\/wp\/v2\/media?parent=65"}],"curies":[{"name":"wp","href":"https:\/\/api.w.org\/{rel}","templated":true}]}}